{"id":82,"date":"2025-01-29T23:43:18","date_gmt":"2025-01-29T23:43:18","guid":{"rendered":"https:\/\/cc2972.ca\/2972\/?page_id=82"},"modified":"2025-02-02T18:59:40","modified_gmt":"2025-02-02T18:59:40","slug":"tir-de-precision","status":"publish","type":"page","link":"https:\/\/cc2972.ca\/2972\/tir-de-precision\/","title":{"rendered":"Tir de pr\u00e9cision"},"content":{"rendered":"\n<div class=\"wp-block-group alignwide\"><div class=\"wp-block-group__inner-container is-layout-constrained wp-block-group-is-layout-constrained\">\n<p>Les activit\u00e9s de tir sont faites sous la supervision d\u2019un officier de s\u00e9curit\u00e9 du champ de tir (OSCT). Les cadets doivent ob\u00e9ir aux r\u00e8glements de celui-ci, afin de s\u2019assurer le bon d\u00e9roulement d\u2019une s\u00e9ance de tir.<br>Il existe deux sortes de tir&nbsp;: le tir de groupement et le tir de pr\u00e9cision.<\/p>\n<\/div><\/div>\n\n\n\n<div class=\"wp-block-group alignwide\"><div class=\"wp-block-group__inner-container is-layout-constrained wp-block-group-is-layout-constrained\">\n<h3 class=\"wp-block-heading\"><strong>Tir de groupement<\/strong><\/h3>\n\n\n\n<div class=\"wp-block-group is-nowrap is-layout-flex wp-container-core-group-is-layout-64989fb1 wp-block-group-is-layout-flex\">\n<p>Le tir de groupement s\u2019adresse aux cadets qui d\u00e9sirent obtenir une qualification de tir. Les cadets doivent tirer deux tirs de groupement dans un cercle de 3 cm sur une distance de 10 m\u00e8tres afin de se qualifier pour une qualification de tir.<br><\/p>\n\n\n\n<figure class=\"wp-block-image size-full is-resized\"><img loading=\"lazy\" decoding=\"async\" width=\"720\" height=\"540\" src=\"https:\/\/cc2972.ca\/2972\/wp-content\/uploads\/2025\/01\/image-9.png\" alt=\"\" class=\"wp-image-83\" style=\"width:341px;height:auto\" srcset=\"https:\/\/cc2972.ca\/2972\/wp-content\/uploads\/2025\/01\/image-9.png 720w, https:\/\/cc2972.ca\/2972\/wp-content\/uploads\/2025\/01\/image-9-300x225.png 300w\" sizes=\"auto, (max-width: 720px) 100vw, 720px\" \/><\/figure>\n<\/div>\n\n\n\n<figure class=\"wp-block-gallery has-nested-images columns-default wp-block-gallery-1 is-layout-flex wp-block-gallery-is-layout-flex\">\n<figure class=\"wp-block-image size-large is-resized\"><img loading=\"lazy\" decoding=\"async\" width=\"755\" height=\"654\" data-id=\"84\" src=\"https:\/\/cc2972.ca\/2972\/wp-content\/uploads\/2025\/01\/image-10.png\" alt=\"\" class=\"wp-image-84\" style=\"width:302px;height:auto\" srcset=\"https:\/\/cc2972.ca\/2972\/wp-content\/uploads\/2025\/01\/image-10.png 755w, https:\/\/cc2972.ca\/2972\/wp-content\/uploads\/2025\/01\/image-10-300x260.png 300w\" sizes=\"auto, (max-width: 755px) 100vw, 755px\" \/><\/figure>\n\n\n\n<figure class=\"wp-block-image size-large\"><img loading=\"lazy\" decoding=\"async\" width=\"660\" height=\"242\" data-id=\"85\" src=\"https:\/\/cc2972.ca\/2972\/wp-content\/uploads\/2025\/01\/image-11.png\" alt=\"\" class=\"wp-image-85\" srcset=\"https:\/\/cc2972.ca\/2972\/wp-content\/uploads\/2025\/01\/image-11.png 660w, https:\/\/cc2972.ca\/2972\/wp-content\/uploads\/2025\/01\/image-11-300x110.png 300w\" sizes=\"auto, (max-width: 660px) 100vw, 660px\" \/><\/figure>\n<\/figure>\n<\/div><\/div>\n\n\n\n<div class=\"wp-block-group alignwide\"><div class=\"wp-block-group__inner-container is-layout-constrained wp-block-group-is-layout-constrained\">\n<h3 class=\"wp-block-heading\"><strong>Tir de pr\u00e9cision<\/strong><\/h3>\n\n\n\n<p>Le tir de pr\u00e9cision s\u2019adresse aux cadets qui participent aux comp\u00e9titions de tir. Chaque cible vaut un pointage d\u2019une possibilit\u00e9 maximale de 100 points (10 sch\u00e9mas d\u2019une valeur de 10 points chacun).<\/p>\n<\/div><\/div>\n\n\n\n<figure class=\"wp-block-gallery alignwide has-nested-images columns-default is-cropped wp-block-gallery-2 is-layout-flex wp-block-gallery-is-layout-flex\">\n<figure class=\"wp-block-image size-large is-resized\"><img loading=\"lazy\" decoding=\"async\" width=\"841\" height=\"530\" data-id=\"87\" src=\"https:\/\/cc2972.ca\/2972\/wp-content\/uploads\/2025\/01\/image-12.png\" alt=\"\" class=\"wp-image-87\" style=\"width:360px;height:auto\" srcset=\"https:\/\/cc2972.ca\/2972\/wp-content\/uploads\/2025\/01\/image-12.png 841w, https:\/\/cc2972.ca\/2972\/wp-content\/uploads\/2025\/01\/image-12-300x189.png 300w, https:\/\/cc2972.ca\/2972\/wp-content\/uploads\/2025\/01\/image-12-768x484.png 768w\" sizes=\"auto, (max-width: 841px) 100vw, 841px\" \/><\/figure>\n\n\n\n<figure class=\"wp-block-image size-large is-resized\"><img loading=\"lazy\" decoding=\"async\" width=\"1024\" height=\"768\" data-id=\"94\" src=\"https:\/\/cc2972.ca\/2972\/wp-content\/uploads\/2025\/01\/image-19-1024x768.png\" alt=\"\" class=\"wp-image-94\" style=\"width:325px;height:auto\" srcset=\"https:\/\/cc2972.ca\/2972\/wp-content\/uploads\/2025\/01\/image-19-1024x768.png 1024w, https:\/\/cc2972.ca\/2972\/wp-content\/uploads\/2025\/01\/image-19-300x225.png 300w, https:\/\/cc2972.ca\/2972\/wp-content\/uploads\/2025\/01\/image-19-768x576.png 768w, https:\/\/cc2972.ca\/2972\/wp-content\/uploads\/2025\/01\/image-19-1536x1152.png 1536w, https:\/\/cc2972.ca\/2972\/wp-content\/uploads\/2025\/01\/image-19-1080x810.png 1080w, https:\/\/cc2972.ca\/2972\/wp-content\/uploads\/2025\/01\/image-19.png 2048w\" sizes=\"auto, (max-width: 1024px) 100vw, 1024px\" \/><\/figure>\n<\/figure>\n\n\n\n<p><\/p>\n","protected":false},"excerpt":{"rendered":"<p>Les activit\u00e9s de tir sont faites sous la supervision d\u2019un officier de s\u00e9curit\u00e9 du champ de tir (OSCT). Les cadets doivent ob\u00e9ir aux r\u00e8glements de celui-ci, afin de s\u2019assurer le bon d\u00e9roulement d\u2019une s\u00e9ance de tir.Il existe deux sortes de tir&nbsp;: le tir de groupement et le tir de pr\u00e9cision. Tir de groupement Le tir &hellip; <a href=\"https:\/\/cc2972.ca\/2972\/tir-de-precision\/\" class=\"more-link\">Lire la suite de <span class=\"screen-reader-text\">Tir de pr\u00e9cision<\/span><\/a><\/p>\n","protected":false},"author":3,"featured_media":0,"parent":0,"menu_order":0,"comment_status":"closed","ping_status":"closed","template":"","meta":{"pagelayer_contact_templates":[],"_pagelayer_content":"","footnotes":""},"class_list":["post-82","page","type-page","status-publish","hentry","no-featured-image"],"_links":{"self":[{"href":"https:\/\/cc2972.ca\/2972\/wp-json\/wp\/v2\/pages\/82","targetHints":{"allow":["GET"]}}],"collection":[{"href":"https:\/\/cc2972.ca\/2972\/wp-json\/wp\/v2\/pages"}],"about":[{"href":"https:\/\/cc2972.ca\/2972\/wp-json\/wp\/v2\/types\/page"}],"author":[{"embeddable":true,"href":"https:\/\/cc2972.ca\/2972\/wp-json\/wp\/v2\/users\/3"}],"replies":[{"embeddable":true,"href":"https:\/\/cc2972.ca\/2972\/wp-json\/wp\/v2\/comments?post=82"}],"version-history":[{"count":2,"href":"https:\/\/cc2972.ca\/2972\/wp-json\/wp\/v2\/pages\/82\/revisions"}],"predecessor-version":[{"id":324,"href":"https:\/\/cc2972.ca\/2972\/wp-json\/wp\/v2\/pages\/82\/revisions\/324"}],"wp:attachment":[{"href":"https:\/\/cc2972.ca\/2972\/wp-json\/wp\/v2\/media?parent=82"}],"curies":[{"name":"wp","href":"https:\/\/api.w.org\/{rel}","templated":true}]}}