{"id":448,"date":"2025-02-04T20:38:02","date_gmt":"2025-02-04T20:38:02","guid":{"rendered":"https:\/\/cc2972.ca\/2972\/?page_id=448"},"modified":"2025-06-09T20:03:44","modified_gmt":"2025-06-10T01:03:44","slug":"distinctions","status":"publish","type":"page","link":"https:\/\/cc2972.ca\/2972\/distinctions\/","title":{"rendered":"Distinctions"},"content":{"rendered":"\n<div class=\"wp-block-group alignwide\"><div class=\"wp-block-group__inner-container is-layout-constrained wp-block-group-is-layout-constrained\">\n\n<div class=\"wp-block-group alignwide is-nowrap is-layout-flex wp-container-core-group-is-layout-64989fb1 wp-block-group-is-layout-flex\">\n<h2 class=\"wp-block-heading\">M\u00e9dailles<\/h2>\n<\/div>\n\n\n\n\n<div class=\"wp-block-group\"><div class=\"wp-block-group__inner-container is-layout-constrained wp-block-group-is-layout-constrained\">\n<figure class=\"wp-block-table\"><table><tbody><tr><td>M\u00e9daille de service 4 ans<br><img loading=\"lazy\" decoding=\"async\" width=\"150\" height=\"377\" class=\"wp-image-201\" style=\"width: 150px;\" src=\"https:\/\/cc2972.ca\/2972\/wp-content\/uploads\/2025\/01\/MEDAILLE-DE-SERVICE.png\" alt=\"\" srcset=\"https:\/\/cc2972.ca\/2972\/wp-content\/uploads\/2025\/01\/MEDAILLE-DE-SERVICE.png 537w, https:\/\/cc2972.ca\/2972\/wp-content\/uploads\/2025\/01\/MEDAILLE-DE-SERVICE-119x300.png 119w, https:\/\/cc2972.ca\/2972\/wp-content\/uploads\/2025\/01\/MEDAILLE-DE-SERVICE-408x1024.png 408w\" sizes=\"auto, (max-width: 150px) 100vw, 150px\" \/><\/td><td>Christopher Albert<br>Daniel Barrena<br>Samuel Bouchard<br>Antoine Boudreau<br>Alexandre Braure<br>M\u00e9liane Carrier-Favreau<br>Samuel Cot\u00e9-Joanette<br>Gabriel Couturier<br>Maude Daigneault<br>Claudia Faubert<br>Val\u00e9rie Fournaise<br>Justin Gagn\u00e9-Rosi\u00e8re<br>David Huneault<br>Mark Kaplan<br>Guillaume Labelle<br>J\u00e9r\u00e9my Laforest-Picard<br>Joanie Lagani\u00e8re<br>Mario Lamoureux<br>Maxime Lapierre<br>Stephane Lebrasseur<br>Maxime Lefran\u00e7ois<br>Antoine Levesque<br>Joel-David Liriano-Marotte<br>Israel Loiselle<br>Bryan Lopes<br>Gabrielle Marin<br>Eric McCracken<br>Marc-Antoine Nguyen<br>Kassandra Papineau<br>Kevin Sean Phang<br>Sacha Regimbald<br>Jessy Renaud<br>Yves Rollin<br>Micky Schinck<br>Hugo Seanosky<br>Alexandre Tougas<br>Antoine Tougas<\/td><\/tr><tr><td>M\u00e9daille de service 5 ans<br><img loading=\"lazy\" decoding=\"async\" width=\"150\" height=\"46\" class=\"wp-image-138\" style=\"width: 150px;\" src=\"https:\/\/cc2972.ca\/2972\/wp-content\/uploads\/2025\/01\/BARRE-DANNEE.png\" alt=\"\" srcset=\"https:\/\/cc2972.ca\/2972\/wp-content\/uploads\/2025\/01\/BARRE-DANNEE.png 850w, https:\/\/cc2972.ca\/2972\/wp-content\/uploads\/2025\/01\/BARRE-DANNEE-300x91.png 300w, https:\/\/cc2972.ca\/2972\/wp-content\/uploads\/2025\/01\/BARRE-DANNEE-768x234.png 768w\" sizes=\"auto, (max-width: 150px) 100vw, 150px\" \/><\/td><td>Alexandre Braure<br>Stephanie Burke<br>Francis Caravelas<br>Francis Cartier<br>Mijael Dion<br>M\u00e9lanie Gaudette<br>Michael Jean<br>Guillaume Labelle<br>Maude Lalonde<br>Marylie Lampron<br>Yohann Lampron<br>M\u00e9lanie Levesque<br>Michael Mcintosh<br>Brandon Phang<br>Jordan Phang<br>Gabrielle Richard<br>J\u00e9r\u00e9my Rioux<br>Nicolas Robinson<br>Vicky Roy<br>Dereck Tanguay<br>Alexandre Therrien<br>Karine Th\u00e9berge<br>Alexandre Thibault<br>Caryne Turner<br>Matthieu Vincent<\/td><\/tr><tr><td>M\u00e9daille de service 6 ans<br><img loading=\"lazy\" decoding=\"async\" width=\"150\" height=\"46\" class=\"wp-image-138\" style=\"width: 150px;\" src=\"https:\/\/cc2972.ca\/2972\/wp-content\/uploads\/2025\/01\/BARRE-DANNEE.png\" alt=\"\" srcset=\"https:\/\/cc2972.ca\/2972\/wp-content\/uploads\/2025\/01\/BARRE-DANNEE.png 850w, https:\/\/cc2972.ca\/2972\/wp-content\/uploads\/2025\/01\/BARRE-DANNEE-300x91.png 300w, https:\/\/cc2972.ca\/2972\/wp-content\/uploads\/2025\/01\/BARRE-DANNEE-768x234.png 768w\" sizes=\"auto, (max-width: 150px) 100vw, 150px\" \/><\/td><td>Maxime Bertrand<br>William Bouchard-Dulude<br>Jacynthe Bleau<br>Vanessa Bleau<br>Danny Boyer<br>Mathieu Chartrand<br>Simon Curodeau<br>Fr\u00e9d\u00e9rick De Blois<br>Val\u00e9rie Desmarais<br>V\u00e9ronique Desmarais<br>Marc Hardy<br>Mariepier Leduc<br>Adam Levis-Paquet<br>Alexandre Poirier<br>Marie-Pier Richard<br>Michael Rioux<br>Danika Shank<br>Gabriel Taillon<br>Dereck Tanguay<br>Amanda Tougas<br>Micka\u00ebl Tremblay<\/td><\/tr><tr><td>M\u00e9daille de service 7 ans<br><img loading=\"lazy\" decoding=\"async\" width=\"150\" height=\"46\" class=\"wp-image-138\" style=\"width: 150px;\" src=\"https:\/\/cc2972.ca\/2972\/wp-content\/uploads\/2025\/01\/BARRE-DANNEE.png\" alt=\"\" srcset=\"https:\/\/cc2972.ca\/2972\/wp-content\/uploads\/2025\/01\/BARRE-DANNEE.png 850w, https:\/\/cc2972.ca\/2972\/wp-content\/uploads\/2025\/01\/BARRE-DANNEE-300x91.png 300w, https:\/\/cc2972.ca\/2972\/wp-content\/uploads\/2025\/01\/BARRE-DANNEE-768x234.png 768w\" sizes=\"auto, (max-width: 150px) 100vw, 150px\" \/><\/td><td>Myranie Bonneau<br>Pascale Chiasson<br>Joel C\u00f4t\u00e9<br>Raphaelle De Bellefeuille<br>Emile Laferriere<br>Daphney Laforest-Picard<br>Catherine Larose<br>Karine Leduc<br>Jennifer Neville<br>Emmanuel Rioux<br>Rachel Rioux<\/td><\/tr><tr><td>M\u00e9daille de la l\u00e9gion<br><img loading=\"lazy\" decoding=\"async\" width=\"150\" height=\"344\" class=\"wp-image-202\" style=\"width: 150px;\" src=\"https:\/\/cc2972.ca\/2972\/wp-content\/uploads\/2025\/01\/MEDAILLE-DEXCELLENCE.png\" alt=\"\" srcset=\"https:\/\/cc2972.ca\/2972\/wp-content\/uploads\/2025\/01\/MEDAILLE-DEXCELLENCE.png 601w, https:\/\/cc2972.ca\/2972\/wp-content\/uploads\/2025\/01\/MEDAILLE-DEXCELLENCE-131x300.png 131w, https:\/\/cc2972.ca\/2972\/wp-content\/uploads\/2025\/01\/MEDAILLE-DEXCELLENCE-447x1024.png 447w\" sizes=\"auto, (max-width: 150px) 100vw, 150px\" \/><\/td><td>Cpl Yannick Boileau (1992)<br>Cplc St\u00e9phane Couturier (1993)<br>Cplc Marie-France Lemay (1994)<br>Sgt Marie-Pier Barbeau (1995)<br>Adj Val\u00e9rie Larochelle (1996)<br>Adj S\u00e9bastien Boucher (1997)<br>Adj Yannick Veilleux (1998)<br>Adj M\u00e9lanie Dumouchel (1999)<br>Adj Val\u00e9rie Barbeau (2000)<br>Adjum Christine C\u00f4t\u00e9 (2001)<br>Adj Nancy Lindsay (2002)<br>Adj Karine Leduc (2004)<br>Adjuc Matthieu Vincent (2005)<br>Sgt Val\u00e9rie Desmarais (2007)<br>Sgt Alexandre Poirier (2008)<br>Adj Alexandra Hamelin (2009)<br>Adjum Catherine Larose (2010)<br>Adj Jonathan Th\u00e9berge (2011)<br>Adjuc Pascale Chiasson (2012)<br>Sgt Fr\u00e9d\u00e9rick DeBlois (2013)<br>Sgt William Bouchard-Dulude (2014)<br>Sgt Raphaelle De Bellefeuille (2015)<br>Cplc Magalie Blanchette (2016)<br>Adj Michael Rioux (2017)<br>Adjum Yohann Lampron (2018)<br>Adj Mathieu Chartrand (2019)<br>Adj Myranie Bonneau (2022)<br>Cplc Xavier Viau (2023)<br>Adj Rozaly Mailhot-Bergeron (2024)<br>Sgt Loan Gaucher (2025)<\/td><\/tr><tr><td>M\u00e9dail Strathcona<br><img loading=\"lazy\" decoding=\"async\" width=\"150\" height=\"371\" class=\"wp-image-196\" style=\"width: 150px;\" src=\"https:\/\/cc2972.ca\/2972\/wp-content\/uploads\/2025\/01\/LORD-STRATHCONA.png\" alt=\"\" srcset=\"https:\/\/cc2972.ca\/2972\/wp-content\/uploads\/2025\/01\/LORD-STRATHCONA.png 517w, https:\/\/cc2972.ca\/2972\/wp-content\/uploads\/2025\/01\/LORD-STRATHCONA-121x300.png 121w, https:\/\/cc2972.ca\/2972\/wp-content\/uploads\/2025\/01\/LORD-STRATHCONA-415x1024.png 415w\" sizes=\"auto, (max-width: 150px) 100vw, 150px\" \/><\/td><td>Cplc Martin Colbert (1980)<br>Cpl Pierre Hamel (1981)<br>Adj Pierre Richard (1982)<br>Adj Manon St-Denis (1983)<br>Adjum C\u00e9line Portant (1984)<br>Cpl Denis Lefebvre (1985)<br>Cpl Dave Desabrais (1986)<br>Adjuc Manon Vandelac (1987)<br>Adjuc Anne-Marie Nareau (1988)<br>Adjuc Sylvain Melanson (1989)<br>Sgt Sylvain Deschesnes (1990)<br>Adjuc Daniel Melanson (1991)<br>Adj Catherine Fortier (1992)<br>Cpl Dani\u00e8le Tremblay (1993)<br>Adj Jos\u00e9e Doyon (1994)<br>Adjuc Anne-Marie Richard (1995)<br>Adjum Joan Chiquette (1996)<br>Adjuc Marie-Pier Barbeau (1997)<br>Adjum S\u00e9bastien Boucher (1998)<br>Adjum Yannick Veilleux (1999)<br>Adjuc M\u00e9lanie Dumouchel (2000)<br>Adjum Monique Cousineau (2001)<br>Adjum Phillipe Bond (2002)<br>Adjuc S\u00e9bastien Maher (2003)<br>Adjum Marie-H\u00e9l\u00e8ne Cousineau (2004)<br>Adjum Karine Leduc (2005)<br>Adjum Marc Hardy (2006)<br>Adjuc Marie-Pierre Richard (2007)<br>Adjuc Maxime Bertrand (2008)<br>Adjuc Val\u00e9rie Desmarais (2009)<br>Adjum V\u00e9ronique Desmarais (2010)<br>Adj Pascale Chiasson (2011)<br>Adjum Maxime Lefran\u00e7ois (2012)<br>Adj Stephanie Burke (2013)<br>Adj Fr\u00e9d\u00e9rick DeBlois (2014)<br>Adj Antoine Boudreau (2015)<br>Adj Raphaelle Debellefeuille (2016)<br>Adj Yohann Lampron (2017)<br>Adj Justin Gagn\u00e9-Rosi\u00e8re (2018)<br>Adjum Michael Rioux (2019)<br>Adjuc Vicky Roy (2022)<br>Adjum Emile Laferri\u00e8re (2023)<br>Adjum Myranie Bonneau (2024)<br>Adjum Rapha\u00ebl Gingras<\/td><\/tr><tr><td>M\u00e9daille du jubil\u00e9 de diamant<br><img loading=\"lazy\" decoding=\"async\" width=\"100\" height=\"270\" class=\"wp-image-191\" style=\"width: 100px;\" src=\"https:\/\/cc2972.ca\/2972\/wp-content\/uploads\/2025\/01\/jubille_diamant.png\" alt=\"\" srcset=\"https:\/\/cc2972.ca\/2972\/wp-content\/uploads\/2025\/01\/jubille_diamant.png 300w, https:\/\/cc2972.ca\/2972\/wp-content\/uploads\/2025\/01\/jubille_diamant-111x300.png 111w\" sizes=\"auto, (max-width: 100px) 100vw, 100px\" \/><\/td><td>Adjuc Pascale Chiasson<br>Lt Matthieu Vincent<\/td><\/tr><tr><td>M\u00e9daille du couronnement du Roi Charles III<br><img loading=\"lazy\" decoding=\"async\" width=\"100\" height=\"329\" class=\"wp-image-545\" style=\"width: 100px;\" src=\"https:\/\/cc2972.ca\/2972\/wp-content\/uploads\/2025\/06\/king_charles_iii_coronation_medal_full.jpg\" alt=\"\" srcset=\"https:\/\/cc2972.ca\/2972\/wp-content\/uploads\/2025\/06\/king_charles_iii_coronation_medal_full.jpg 300w, https:\/\/cc2972.ca\/2972\/wp-content\/uploads\/2025\/06\/king_charles_iii_coronation_medal_full-91x300.jpg 91w\" sizes=\"auto, (max-width: 100px) 100vw, 100px\" \/><\/td><td>Adjuc Myranie Bonneau<\/td><\/tr><\/tbody><\/table><\/figure>\n<\/div><\/div>\n\n\n\n<h2 class=\"wp-block-heading alignwide\">Positions<\/h2>\n\n\n\n<figure class=\"wp-block-table alignwide\"><table><tbody><tr><td>Commandant<br><img loading=\"lazy\" decoding=\"async\" width=\"150\" height=\"306\" class=\"wp-image-151\" style=\"width: 150px;\" src=\"https:\/\/cc2972.ca\/2972\/wp-content\/uploads\/2025\/01\/capt.png\" alt=\"\"><\/td><td>Capt Claude Roy, CD (Septembre 1979 \u00e0 Janvier 1982)<br>Capt Louis-Joseph Servant, CD (Janvier 1982 \u00e0 Septembre 1982)<br>Capt Alain Desjardins, CD (Septembre 1982 \u00e0 Novembre 1986)<br>Lt Randy Mc Intosh, CD (Novembre 1986 \u00e0 Janvier 1988)<br>Capt Alain Desjardins, CD (Janvier 1988 \u00e0 Novembre 1990)<br>Maj Serge Leduc, CD (Novembre 1990 \u00e0 Juin 1995)<br>Capt Denis Lefebvre, CD (Juin 1995 \u00e0 Juin 1998<br>Capt Luc Dumouchel, CD (Juin 1998 \u00e0 Septembre 2001)<br>Maj Serge Leduc, CD (Septembre 2001 \u00e0 Septembre 2004)<br>Maj Daniel Melanson, CD (Septembre 2004 \u00e0 Septembre 2007)<br>Capt S\u00e9bastien Boucher, CD Septembre 2007 \u00e0 Mai 2011)<br>Capt Anne-Marie Richard, CD (Mai 2011 \u00e0 F\u00e9vrier 2013)<br>Capt S\u00e9bastien Boucher, CD (F\u00e9vrier 2013 \u00e0 Juin 2013)<br>Capt Matthieu Vincent (Juin 2013 \u00e0 Juin 2017)<br>Capt Nancy Lindsay, CD (Juin 2017 \u00e0 Octobre 2019)<br>Capt Marc Hardy (Octobre 2019 \u00e0 Juin 2022)<br>Capt Vicky Morin, CD (Juin 2022 \u00e0)<\/td><\/tr><tr><td>Sergent-major r\u00e9gimentaire<br><img loading=\"lazy\" decoding=\"async\" width=\"150\" height=\"200\" class=\"wp-image-133\" style=\"width: 150px;\" src=\"https:\/\/cc2972.ca\/2972\/wp-content\/uploads\/2025\/01\/adjuc.png\" alt=\"\"><\/td><td>Adjuc Alain Desjardins (Septembre 1979 \u00e0 D\u00e9cembre 1979)<br>Adjuc Benoit Provost (D\u00e9cembre 1979 \u00e0 Juin 1980)<br>Adjum Benoit Girard (Septembre 1980 \u00e0 Janvier 1981)<br>Adjuc Martin Colbert (Janvier 1981 \u00e0 Octobre 1982)<br>Adjuc Pierre Richard (Octobre 1982 \u00e0 D\u00e9cembre 1984)<br>Adjuc C\u00e9line Portant (D\u00e9cembre 1984 \u00e0 Juin 1985)<br>Adjuc Serge Bisson (Septembre 1985 \u00e0 Avril 1986)<br>Lt Michel Nareau (Avril 1986 \u00e0 Septembre 1986)<br>Adjuc R\u00e9jean Masson (Octobre 1986 \u00e0 F\u00e9vrier 1987)<br>Adjuc Denis Lefebvre (F\u00e9vrier 1987 \u00e0 Avril 1987)<br>Adjuc Manon Vandelac (Avril 1987 \u00e0 Septembre 1987)<br>Adjuc Dave Desabrais (Septembre 1987 \u00e0 Septembre 1988)<br>Adjuc Anne-Marie Nareau (Septembre 1988 \u00e0 Mars 1989)<br>Adjum Mark-Erick Th\u00e9berge (Mars 1989 \u00e0 Avril 1989)<br>Adjuc Sylvain Melanson (Avril 1989 \u00e0 Juin 1990)<br>Adjuc Daniel Melanson (Septembre 1990 \u00e0 Janvier 1993)<br>Adjuc Catherine Fortier (Janvier 1993 \u00e0 Juin 1994)<br>Adjuc Jos\u00e9e Doyon (Septembre 1994 \u00e0 Janvier 1995)<br>Adjuc Anne-Marie Richard (Janvier 1995 \u00e0 Juin 1995)<br>Adjuc St\u00e9phane Couturier (Septembre 1995 \u00e0 Juin 1996)<br>Adjuc Marie-Pier Barbeau (Septembre 1996 \u00e0 Juin 1998)<br>Adjuc S\u00e9bastien Boucher (Septembre 1998 \u00e0 Juin 1999)<br>Adjuc M\u00e9lanie Dumouchel (Septembre 1999 \u00e0 Juin 2000)<br>Adjuc Val\u00e9rie Barbeau (Septembre 2000 \u00e0 Juin 2001)<br>Adjuc Michel Dubuc-Martin (Septembre 2001 \u00e0 Juin 2002)<br>Adjuc S\u00e9bastien Maher (Septembre 2002 \u00e0 Juin 2003)<br>Adjuc M\u00e9lanie Gaudette (Septembre 2003 \u00e0 Juin 2004)<br>Adjuc Matthieu Vincent (Septembre 2004 \u00e0 Juin 2006)<br>Adjuc Marie-Pier Richard(Septembre 2006 \u00e0 Juin 2007)<br>Adjuc Maxime Bertrand(Septembre 2007 \u00e0 Juin 2008)<br>Adjuc Val\u00e9rie Desmarais(Septembre 2008 \u00e0 Juin 2009)<br>Adjuc Alexandra Hamelin (Septembre 2009 \u00e0 Avril 2010)<br>Adjuc Val\u00e9rie Fournaise (Septembre 2010 \u00e0 Juin 2011)<br>Adjuc Pascale Chiasson (Septembre 2011 \u00e0 Juin 2013)<br>Adjuc Maxime Lefran\u00e7ois (Septembre 2013 \u00e0 Juin 2014)<br>Adjuc Micka\u00ebl Tremblay (Septembre 2014 \u00e0 Juin 2015)<br>Adjuc Fr\u00e9d\u00e9rick De Blois (Septembre 2015 \u00e0 Mars 2016)<br>Adjum William Bouchard-Dulude (Mars 2016 \u00e0 Septembre 2016)<br>Adjuc Raphaelle Debellefeuille (Septembre 2016 \u00e0 Juin 2018)<br>Adjuc Yohann Lampron (Septembre 2018 \u00e0 D\u00e9cembre 2018)<br>Adjuc Justin Gagn\u00e9-Rosi\u00e8re (D\u00e9cembre 2018 \u00e0 Juin 2019)<br>Adjuc Daphney Laforest-Picard (Septembre 2019 \u00e0 F\u00e9vrier 2022)<br>Adjuc Vicky Roy (F\u00e9vrier 2022 \u00e0 Juin 2024)<br>Adjuc Myranie Bonneau (Septembre 2024 \u00e0 Mai 2025)<br>Adjuc Rapha\u00ebl Gingras (Juin 2025 \u00e0 Novembre 2025)<\/td><\/tr><tr><td>Tambour-major<br><img loading=\"lazy\" decoding=\"async\" width=\"150\" height=\"220\" class=\"wp-image-233\" style=\"width: 150px;\" src=\"https:\/\/cc2972.ca\/2972\/wp-content\/uploads\/2025\/01\/TAMBOUR-MAJOR.png\" alt=\"\" srcset=\"https:\/\/cc2972.ca\/2972\/wp-content\/uploads\/2025\/01\/TAMBOUR-MAJOR.png 715w, https:\/\/cc2972.ca\/2972\/wp-content\/uploads\/2025\/01\/TAMBOUR-MAJOR-205x300.png 205w, https:\/\/cc2972.ca\/2972\/wp-content\/uploads\/2025\/01\/TAMBOUR-MAJOR-699x1024.png 699w\" sizes=\"auto, (max-width: 150px) 100vw, 150px\" \/><\/td><td>Sgt Catherine Fortier (1991-1993)<br>Sgt No\u00e9mie Lafond (1993-1996)<br>Sgt Marie-France Lemay (1996-1997)<br>Adj Val\u00e9rie Barbeau (1997-1999)<br>Adjum Christine C\u00f4t\u00e9 (1999-2001)<br>Adjum V\u00e9ronique Gaudette (2001-2003)<br>Adjum Karine Leduc (2003-2005)<br>Adjum Marie-Pier Leduc (2005-2007)<br>Sgt Gabriel Couturier (2007-2008)<br>Sgt Kevin Phang (2008-2009)<br>Adj Pascale Chiasson (2009-2011)<br>Adjum Stephanie Burke (2011-2013)<br>Adj Danny Boyer (2013-2014)<br>Adjum Gabriel Taillon (2014-2015)<br>Adj Jessica Gadoury (2015)<br>Adjum Michael Rioux (2015-2019)<br>Adjum Emile Laferri\u00e8re (2019-2023)<br>Adj Denis Yifan Zhang (2024-)<\/td><\/tr><\/tbody><\/table><\/figure>\n\n\n\n<h2 class=\"wp-block-heading\">\u00c9toile nationale d&rsquo;excellence<\/h2>\n\n\n\n<figure class=\"wp-block-table alignwide\"><table class=\"has-fixed-layout\"><tbody><tr><td><img loading=\"lazy\" decoding=\"async\" width=\"150\" height=\"188\" class=\"wp-image-218\" style=\"width: 150px;\" src=\"https:\/\/cc2972.ca\/2972\/wp-content\/uploads\/2025\/01\/NIVEAU-1.png\" alt=\"\" srcset=\"https:\/\/cc2972.ca\/2972\/wp-content\/uploads\/2025\/01\/NIVEAU-1.png 583w, https:\/\/cc2972.ca\/2972\/wp-content\/uploads\/2025\/01\/NIVEAU-1-240x300.png 240w\" sizes=\"auto, (max-width: 150px) 100vw, 150px\" \/><\/td><td>Adj Christopher Albert<br>Sgt Daniel Barrena<br>Sgt William Bouchard-Dulude<br>Adj Myranie Bonneau<br>Adj Antoine Boudreau<br>Sgt Danny Boyer<br>Sgt Raphaelle De Bellefeuille<br>Adj Mijael Dion<br>Adj Rapha\u00ebl Gingras<br>Adj Emile Laferri\u00e8re<br>Adj Adam Levis-Paquet<br>Sgt Gabrielle Marin<br>Adj Dumitru Mirza<br>Adjum Gabriel Taillon<br>Adjum Emmanuel Rioux<br>Adj Rachel Rioux<br>Adj Vicky Roy<br>Sgt Alexandre Therrien<br>Adjuc Micka\u00ebl Tremblay<br>Sgt Rafael Venditti<\/td><\/tr><tr><td><img loading=\"lazy\" decoding=\"async\" width=\"150\" height=\"215\" class=\"wp-image-219\" style=\"width: 150px;\" src=\"https:\/\/cc2972.ca\/2972\/wp-content\/uploads\/2025\/01\/NIVEAU-2.png\" alt=\"\" srcset=\"https:\/\/cc2972.ca\/2972\/wp-content\/uploads\/2025\/01\/NIVEAU-2.png 537w, https:\/\/cc2972.ca\/2972\/wp-content\/uploads\/2025\/01\/NIVEAU-2-209x300.png 209w\" sizes=\"auto, (max-width: 150px) 100vw, 150px\" \/><\/td><td>Adj William Bouchard-Dulude<br>Adj Myranie Bonneau<br>Adj Stephanie Burke<br>Adjum Emile Laferri\u00e8re<br>Adj Adam Levis-Paquet<br>Adjum Emmanuel Rioux<br>Adjum Rachel Rioux<br>Adjuc Vicky Roy<\/td><\/tr><tr><td><img loading=\"lazy\" decoding=\"async\" width=\"150\" height=\"211\" class=\"wp-image-220\" style=\"width: 150px;\" src=\"https:\/\/cc2972.ca\/2972\/wp-content\/uploads\/2025\/01\/NIVEAU-3.png\" alt=\"\" srcset=\"https:\/\/cc2972.ca\/2972\/wp-content\/uploads\/2025\/01\/NIVEAU-3.png 538w, https:\/\/cc2972.ca\/2972\/wp-content\/uploads\/2025\/01\/NIVEAU-3-213x300.png 213w\" sizes=\"auto, (max-width: 150px) 100vw, 150px\" \/><\/td><td>Adj Myranie Bonneau<br>Adjum Emile Laferri\u00e8re<br>Adjum Emmanuel Rioux<br>Adjum Rachel Rioux<br>Adjuc Vicky Roy<\/td><\/tr><tr><td><img loading=\"lazy\" decoding=\"async\" width=\"150\" height=\"215\" class=\"wp-image-221\" style=\"width: 150px;\" src=\"https:\/\/cc2972.ca\/2972\/wp-content\/uploads\/2025\/01\/NIVEAU-4.png\" alt=\"\" srcset=\"https:\/\/cc2972.ca\/2972\/wp-content\/uploads\/2025\/01\/NIVEAU-4.png 538w, https:\/\/cc2972.ca\/2972\/wp-content\/uploads\/2025\/01\/NIVEAU-4-209x300.png 209w\" sizes=\"auto, (max-width: 150px) 100vw, 150px\" \/><\/td><td>Adj Myranie Bonneau<br>Adjum Emile Laferri\u00e8re<br>Adjum Emmanuel Rioux<br>Adjuc Vicky Roy<\/td><\/tr><\/tbody><\/table><\/figure>\n\n\n\n<h2 class=\"wp-block-heading\">Prix du Duc d&rsquo;edimbourg<\/h2>\n\n\n\n<figure class=\"wp-block-table\"><table class=\"has-fixed-layout\"><tbody><tr><td><img loading=\"lazy\" decoding=\"async\" width=\"150\" height=\"238\" class=\"wp-image-223\" style=\"width: 150px;\" src=\"https:\/\/cc2972.ca\/2972\/wp-content\/uploads\/2025\/01\/NIVEAU-BRONZE.png\" alt=\"\" srcset=\"https:\/\/cc2972.ca\/2972\/wp-content\/uploads\/2025\/01\/NIVEAU-BRONZE.png 409w, https:\/\/cc2972.ca\/2972\/wp-content\/uploads\/2025\/01\/NIVEAU-BRONZE-189x300.png 189w\" sizes=\"auto, (max-width: 150px) 100vw, 150px\" \/><\/td><td>Adjum Nancy Doiron (1993)<br>Adj Jos\u00e9e Doyon (1993)<br>Adj St\u00e9phane Couturier (1993)<br>Cdt Patrick Duval (1994)<br>Cpl Dani\u00e8le Tremblay (1994)<br>Cdt Patrice Ratia (1995)<br>Cdt \u00c9ric-Claude Laberge (1995)<br>Cplc S\u00e9bastien Boucher (1996)<br>Cdt Yan Danegnais (1998)<br>Cdte Val\u00e9rie Barbeau (1998)<br>Cdte Monic Cousineau (1998)<br>Cpl Andr\u00e9anne Daigneault (2000)<br>Cdt Alexandre Campbell (2000)<br>Cdte Marie-Pier Richard (2005)<br>Sgt Mathieu Durivage (2005)<br>Cplc Gabriel Taillon (2013)<br>Sgt Yohann Lampron (2016)<\/td><\/tr><tr><td><img loading=\"lazy\" decoding=\"async\" width=\"150\" height=\"224\" class=\"wp-image-222\" style=\"width: 150px;\" src=\"https:\/\/cc2972.ca\/2972\/wp-content\/uploads\/2025\/01\/NIVEAU-ARGENT.png\" alt=\"\" srcset=\"https:\/\/cc2972.ca\/2972\/wp-content\/uploads\/2025\/01\/NIVEAU-ARGENT.png 430w, https:\/\/cc2972.ca\/2972\/wp-content\/uploads\/2025\/01\/NIVEAU-ARGENT-201x300.png 201w\" sizes=\"auto, (max-width: 150px) 100vw, 150px\" \/><\/td><td>Sgt St\u00e9phane Couturier (1994)<br>Adjum Nancy Doiron (1994)<br>Adj Jos\u00e9e Doyon (1994)<br>Anne-Marie Richard (1994)<br>Cdte Dani\u00e8le Tremblay (1995)<br>Cdte Monic Cousineau (1998)<br>Sgt Andr\u00e9anne Daigneault (2001)<br>Cdt Alexandre Campbell (2001)<br>Sgt William Bouchard-Dulude (2014)<br>Adjum Gabriel Taillon (2015)<\/td><\/tr><tr><td><img loading=\"lazy\" decoding=\"async\" width=\"150\" height=\"236\" class=\"wp-image-224\" style=\"width: 150px;\" src=\"https:\/\/cc2972.ca\/2972\/wp-content\/uploads\/2025\/01\/NIVEAU-OR.png\" alt=\"\" srcset=\"https:\/\/cc2972.ca\/2972\/wp-content\/uploads\/2025\/01\/NIVEAU-OR.png 415w, https:\/\/cc2972.ca\/2972\/wp-content\/uploads\/2025\/01\/NIVEAU-OR-191x300.png 191w\" sizes=\"auto, (max-width: 150px) 100vw, 150px\" \/><\/td><td>Adjum S\u00e9bastien Boucher (1999)<br>Cdte Val\u00e9rie Barbeau (1999)<br>Adjum Alexandre Campbell (2003)<br>Adj William Bouchard-Dulude(2015)<\/td><\/tr><\/tbody><\/table><\/figure>\n\n\n\n<p><\/p>\n<\/div><\/div>\n","protected":false},"excerpt":{"rendered":"<p>M\u00e9daille de service 4 ans Christopher AlbertDaniel BarrenaSamuel BouchardAntoine BoudreauAlexandre BraureM\u00e9liane Carrier-FavreauSamuel Cot\u00e9-JoanetteGabriel CouturierMaude DaigneaultClaudia FaubertVal\u00e9rie FournaiseJustin Gagn\u00e9-Rosi\u00e8reDavid HuneaultMark KaplanGuillaume LabelleJ\u00e9r\u00e9my Laforest-PicardJoanie Lagani\u00e8reMario LamoureuxMaxime LapierreStephane LebrasseurMaxime Lefran\u00e7oisAntoine LevesqueJoel-David Liriano-MarotteIsrael LoiselleBryan LopesGabrielle MarinEric McCrackenMarc-Antoine NguyenKassandra PapineauKevin Sean PhangSacha RegimbaldJessy RenaudYves RollinMicky SchinckHugo SeanoskyAlexandre TougasAntoine Tougas M\u00e9daille de service 5 ans Alexandre BraureStephanie BurkeFrancis CaravelasFrancis CartierMijael DionM\u00e9lanie &hellip; <a href=\"https:\/\/cc2972.ca\/2972\/distinctions\/\" class=\"more-link\">Lire la suite de <span class=\"screen-reader-text\">Distinctions<\/span><\/a><\/p>\n","protected":false},"author":3,"featured_media":0,"parent":0,"menu_order":0,"comment_status":"closed","ping_status":"closed","template":"","meta":{"pagelayer_contact_templates":[],"_pagelayer_content":"","footnotes":""},"class_list":["post-448","page","type-page","status-publish","hentry","no-featured-image"],"_links":{"self":[{"href":"https:\/\/cc2972.ca\/2972\/wp-json\/wp\/v2\/pages\/448","targetHints":{"allow":["GET"]}}],"collection":[{"href":"https:\/\/cc2972.ca\/2972\/wp-json\/wp\/v2\/pages"}],"about":[{"href":"https:\/\/cc2972.ca\/2972\/wp-json\/wp\/v2\/types\/page"}],"author":[{"embeddable":true,"href":"https:\/\/cc2972.ca\/2972\/wp-json\/wp\/v2\/users\/3"}],"replies":[{"embeddable":true,"href":"https:\/\/cc2972.ca\/2972\/wp-json\/wp\/v2\/comments?post=448"}],"version-history":[{"count":4,"href":"https:\/\/cc2972.ca\/2972\/wp-json\/wp\/v2\/pages\/448\/revisions"}],"predecessor-version":[{"id":546,"href":"https:\/\/cc2972.ca\/2972\/wp-json\/wp\/v2\/pages\/448\/revisions\/546"}],"wp:attachment":[{"href":"https:\/\/cc2972.ca\/2972\/wp-json\/wp\/v2\/media?parent=448"}],"curies":[{"name":"wp","href":"https:\/\/api.w.org\/{rel}","templated":true}]}}