{"id":421,"date":"2025-02-03T19:18:50","date_gmt":"2025-02-03T19:18:50","guid":{"rendered":"https:\/\/cc2972.ca\/2972\/?page_id=421"},"modified":"2025-02-03T19:18:51","modified_gmt":"2025-02-03T19:18:51","slug":"supporter-le-corps-de-cadets","status":"publish","type":"page","link":"https:\/\/cc2972.ca\/2972\/supporter-le-corps-de-cadets\/","title":{"rendered":"Supporter le Corps de Cadets"},"content":{"rendered":"\n<p>Il y a plusieurs fa\u00e7on de supporter les activit\u00e9s du Corps de Cadets 2972 Mercier.<\/p>\n\n\n\n<p><strong>Ceuillettes de contenants consig\u00e9s<\/strong><\/p>\n\n\n\n<p>Il est possible de venir d\u00e9poser vos contenants consign\u00e9s tous les mardi au centre communautaire Roger Tougas de 18h30 \u00e0 19h00.<\/p>\n\n\n\n<p>Nous sommes un organisme enregistr\u00e9 aupr\u00e8s de consgineco.&nbsp;<a href=\"https:\/\/consigneco.org\/dons-et-collectes\/\" target=\"_blank\" rel=\"noreferrer noopener\"><\/a><\/p>\n\n\n\n<p>Il est aussi possible de prendre des attentes avec des entreprises priv\u00e9s afin de faire la collecte de contenant consign\u00e9 en entreprise. Pour plus de renseignements vous pouvez communiquer avec M. Gino Marcoux&nbsp;514-463-1513.<\/p>\n\n\n\n<p><strong>Devenir un partenaire officiel du Corps de Cadets 2972 Mercier<\/strong><\/p>\n\n\n\n<p>Faites comme plusieurs entreprise de la r\u00e9gion et devenez un partenaire officiel du Corps de Cadets 2972 Mercier. Votre contribution peut faire une \u00e9norme diff\u00e9rence pour nos cadets. <\/p>\n","protected":false},"excerpt":{"rendered":"<p>Il y a plusieurs fa\u00e7on de supporter les activit\u00e9s du Corps de Cadets 2972 Mercier. Ceuillettes de contenants consig\u00e9s Il est possible de venir d\u00e9poser vos contenants consign\u00e9s tous les mardi au centre communautaire Roger Tougas de 18h30 \u00e0 19h00. Nous sommes un organisme enregistr\u00e9 aupr\u00e8s de consgineco.&nbsp; Il est aussi possible de prendre des &hellip; <a href=\"https:\/\/cc2972.ca\/2972\/supporter-le-corps-de-cadets\/\" class=\"more-link\">Lire la suite de <span class=\"screen-reader-text\">Supporter le Corps de Cadets<\/span><\/a><\/p>\n","protected":false},"author":3,"featured_media":0,"parent":0,"menu_order":0,"comment_status":"closed","ping_status":"closed","template":"","meta":{"pagelayer_contact_templates":[],"_pagelayer_content":"","footnotes":""},"class_list":["post-421","page","type-page","status-publish","hentry","no-featured-image"],"_links":{"self":[{"href":"https:\/\/cc2972.ca\/2972\/wp-json\/wp\/v2\/pages\/421","targetHints":{"allow":["GET"]}}],"collection":[{"href":"https:\/\/cc2972.ca\/2972\/wp-json\/wp\/v2\/pages"}],"about":[{"href":"https:\/\/cc2972.ca\/2972\/wp-json\/wp\/v2\/types\/page"}],"author":[{"embeddable":true,"href":"https:\/\/cc2972.ca\/2972\/wp-json\/wp\/v2\/users\/3"}],"replies":[{"embeddable":true,"href":"https:\/\/cc2972.ca\/2972\/wp-json\/wp\/v2\/comments?post=421"}],"version-history":[{"count":1,"href":"https:\/\/cc2972.ca\/2972\/wp-json\/wp\/v2\/pages\/421\/revisions"}],"predecessor-version":[{"id":425,"href":"https:\/\/cc2972.ca\/2972\/wp-json\/wp\/v2\/pages\/421\/revisions\/425"}],"wp:attachment":[{"href":"https:\/\/cc2972.ca\/2972\/wp-json\/wp\/v2\/media?parent=421"}],"curies":[{"name":"wp","href":"https:\/\/api.w.org\/{rel}","templated":true}]}}