{"id":416,"date":"2025-02-03T19:11:20","date_gmt":"2025-02-03T19:11:20","guid":{"rendered":"https:\/\/cc2972.ca\/2972\/?page_id=416"},"modified":"2025-09-11T17:30:18","modified_gmt":"2025-09-11T22:30:18","slug":"notre-comite-de-soutien","status":"publish","type":"page","link":"https:\/\/cc2972.ca\/2972\/notre-comite-de-soutien\/","title":{"rendered":"Notre comit\u00e9 de soutien"},"content":{"rendered":"\n<p>Pr\u00e9sident: <strong>Dominique Martin<\/strong><\/p>\n\n\n\n<p>Vice-pr\u00e9sident: <strong>Luc Proulx<\/strong><\/p>\n\n\n\n<p>Tr\u00e9sori\u00e8re: <strong>Johanne Racine<\/strong><\/p>\n\n\n\n<p>Secr\u00e9taire: <strong>St\u00e9phanie Adam<\/strong><\/p>\n\n\n\n<p>Directrice: <strong>Darkise Richard<\/strong><\/p>\n\n\n\n<p>Directrice: <strong>Isabelle Gagnon<\/strong><\/p>\n\n\n\n<p>Directrice: <strong>St\u00e9phanie Th\u00e9or\u00eat<\/strong><\/p>\n\n\n\n<p>Le fonctionnement du mouvement des cadets est bas\u00e9 sur un partenariat entre le Minist\u00e8re de la D\u00e9fense nationale et un partenaire civil appel\u00e9 la Ligue des cadets de l&rsquo;Arm\u00e9e du Canada. La Ligue est repr\u00e9sent\u00e9e, au niveau du corps de cadets, par un comit\u00e9 de parents (comit\u00e9 de soutien) dont une des principales responsabilit\u00e9s est de soutenir le personnel.<\/p>\n\n\n\n<p>Votre participation en tant que parents b\u00e9n\u00e9voles est primordiale au bon fonctionnement du corps de cadets. C&rsquo;est gr\u00e2ce \u00e0 votre implication, que le corps de cadets peut soutenir financi\u00e8rement les activit\u00e9s optionnelles telles que la musique, le tir et le sport, les activit\u00e9s sociales ainsi que certains frais op\u00e9rationnels.<\/p>\n\n\n\n<p>Le comit\u00e9 de soutien a aussi pour r\u00f4le de repr\u00e9senter les parents aupr\u00e8s du commandant. En cas de questionnement ou de conflit, n&rsquo;h\u00e9sitez pas \u00e0 communiquer avec un des membres du comit\u00e9 qui est pr\u00e9sent au d\u00e9but et \u00e0 la fin des soir\u00e9es d&rsquo;entra\u00eenement ou en envoyant un courriel \u00e0 :&nbsp;<strong><a href=\"mailto:2972.comite@lcac.qc.ca\">2972.comite@lcac.qc.ca<\/a><\/strong><\/p>\n","protected":false},"excerpt":{"rendered":"<p>Pr\u00e9sident: Dominique Martin Vice-pr\u00e9sident: Luc Proulx Tr\u00e9sori\u00e8re: Johanne Racine Secr\u00e9taire: St\u00e9phanie Adam Directrice: Darkise Richard Directrice: Isabelle Gagnon Directrice: St\u00e9phanie Th\u00e9or\u00eat Le fonctionnement du mouvement des cadets est bas\u00e9 sur un partenariat entre le Minist\u00e8re de la D\u00e9fense nationale et un partenaire civil appel\u00e9 la Ligue des cadets de l&rsquo;Arm\u00e9e du Canada. La Ligue est &hellip; <a href=\"https:\/\/cc2972.ca\/2972\/notre-comite-de-soutien\/\" class=\"more-link\">Lire la suite de <span class=\"screen-reader-text\">Notre comit\u00e9 de soutien<\/span><\/a><\/p>\n","protected":false},"author":3,"featured_media":0,"parent":0,"menu_order":0,"comment_status":"closed","ping_status":"closed","template":"","meta":{"pagelayer_contact_templates":[],"_pagelayer_content":"","footnotes":""},"class_list":["post-416","page","type-page","status-publish","hentry","no-featured-image"],"_links":{"self":[{"href":"https:\/\/cc2972.ca\/2972\/wp-json\/wp\/v2\/pages\/416","targetHints":{"allow":["GET"]}}],"collection":[{"href":"https:\/\/cc2972.ca\/2972\/wp-json\/wp\/v2\/pages"}],"about":[{"href":"https:\/\/cc2972.ca\/2972\/wp-json\/wp\/v2\/types\/page"}],"author":[{"embeddable":true,"href":"https:\/\/cc2972.ca\/2972\/wp-json\/wp\/v2\/users\/3"}],"replies":[{"embeddable":true,"href":"https:\/\/cc2972.ca\/2972\/wp-json\/wp\/v2\/comments?post=416"}],"version-history":[{"count":5,"href":"https:\/\/cc2972.ca\/2972\/wp-json\/wp\/v2\/pages\/416\/revisions"}],"predecessor-version":[{"id":598,"href":"https:\/\/cc2972.ca\/2972\/wp-json\/wp\/v2\/pages\/416\/revisions\/598"}],"wp:attachment":[{"href":"https:\/\/cc2972.ca\/2972\/wp-json\/wp\/v2\/media?parent=416"}],"curies":[{"name":"wp","href":"https:\/\/api.w.org\/{rel}","templated":true}]}}