{"id":394,"date":"2025-02-02T21:07:47","date_gmt":"2025-02-02T21:07:47","guid":{"rendered":"https:\/\/cc2972.ca\/2972\/?page_id=394"},"modified":"2025-02-02T21:11:03","modified_gmt":"2025-02-02T21:11:03","slug":"souviens-toi-chef","status":"publish","type":"page","link":"https:\/\/cc2972.ca\/2972\/souviens-toi-chef\/","title":{"rendered":"Souviens-toi, chef!"},"content":{"rendered":"\n<div class=\"wp-block-group alignwide\"><div class=\"wp-block-group__inner-container is-layout-constrained wp-block-group-is-layout-constrained\">\n<p class=\"has-text-align-center\"><strong>SOUVIENS-TOI, CHEF!<\/strong><br>Si tu veux \u00eatre chef un jour, songe \u00e0 ceux qui te seront confi\u00e9s et dis-toi bien que \u2026<br>Si tu ralentis, ils s\u2019arr\u00eatent<br>Si tu faiblis, ils flanchent<br>Si tu t\u2019assois, ils se couchent<br>Si tu doutes, ils d\u00e9sesp\u00e8rent<br>Si tu critiques, ils d\u00e9molissent<br><strong>MAIS<\/strong><br>Si tu marches devant, ils te d\u00e9passeront<br>Et si tu donnes la main, ils donneront leur peau !<\/p>\n<\/div><\/div>\n","protected":false},"excerpt":{"rendered":"<p>SOUVIENS-TOI, CHEF!Si tu veux \u00eatre chef un jour, songe \u00e0 ceux qui te seront confi\u00e9s et dis-toi bien que \u2026Si tu ralentis, ils s\u2019arr\u00eatentSi tu faiblis, ils flanchentSi tu t\u2019assois, ils se couchentSi tu doutes, ils d\u00e9sesp\u00e8rentSi tu critiques, ils d\u00e9molissentMAISSi tu marches devant, ils te d\u00e9passerontEt si tu donnes la main, ils donneront leur &hellip; <a href=\"https:\/\/cc2972.ca\/2972\/souviens-toi-chef\/\" class=\"more-link\">Lire la suite de <span class=\"screen-reader-text\">Souviens-toi, chef!<\/span><\/a><\/p>\n","protected":false},"author":3,"featured_media":0,"parent":0,"menu_order":0,"comment_status":"closed","ping_status":"closed","template":"","meta":{"pagelayer_contact_templates":[],"_pagelayer_content":"","footnotes":""},"class_list":["post-394","page","type-page","status-publish","hentry","no-featured-image"],"_links":{"self":[{"href":"https:\/\/cc2972.ca\/2972\/wp-json\/wp\/v2\/pages\/394","targetHints":{"allow":["GET"]}}],"collection":[{"href":"https:\/\/cc2972.ca\/2972\/wp-json\/wp\/v2\/pages"}],"about":[{"href":"https:\/\/cc2972.ca\/2972\/wp-json\/wp\/v2\/types\/page"}],"author":[{"embeddable":true,"href":"https:\/\/cc2972.ca\/2972\/wp-json\/wp\/v2\/users\/3"}],"replies":[{"embeddable":true,"href":"https:\/\/cc2972.ca\/2972\/wp-json\/wp\/v2\/comments?post=394"}],"version-history":[{"count":2,"href":"https:\/\/cc2972.ca\/2972\/wp-json\/wp\/v2\/pages\/394\/revisions"}],"predecessor-version":[{"id":402,"href":"https:\/\/cc2972.ca\/2972\/wp-json\/wp\/v2\/pages\/394\/revisions\/402"}],"wp:attachment":[{"href":"https:\/\/cc2972.ca\/2972\/wp-json\/wp\/v2\/media?parent=394"}],"curies":[{"name":"wp","href":"https:\/\/api.w.org\/{rel}","templated":true}]}}