{"id":387,"date":"2025-02-02T21:05:59","date_gmt":"2025-02-02T21:05:59","guid":{"rendered":"https:\/\/cc2972.ca\/2972\/?page_id=387"},"modified":"2025-02-02T21:05:59","modified_gmt":"2025-02-02T21:05:59","slug":"sous-officier-de-service","status":"publish","type":"page","link":"https:\/\/cc2972.ca\/2972\/sous-officier-de-service\/","title":{"rendered":"Sous-officier de service"},"content":{"rendered":"\n<div class=\"wp-block-group alignwide\"><div class=\"wp-block-group__inner-container is-layout-constrained wp-block-group-is-layout-constrained\">\n<p><strong>ATTRIBUTION<\/strong><\/p>\n\n\n\n<p>1. Le poste de sous-officier de service est occup\u00e9 par les cadets de l\u2019\u00e9toile argent\u00e9e et plus du Corps de cadets, qui en assumeront la responsabilit\u00e9, un \u00e0 la fois, \u00e0 tour de r\u00f4le. Lorsqu&rsquo;il est en service, le sous-officier de service est sous le commandement direct de l&rsquo;officier de service. Cette fonction n&rsquo;est pas permanente et ne donne pas droit au titre de cadet-cadre.<\/p>\n\n\n\n<p><strong>RESPONSABILIT\u00c9S<\/strong><\/p>\n\n\n\n<p>2. Le sous-officier de service devra se pr\u00e9senter sur les lieux de l\u2019entra\u00eenement 15 minutes avant l&rsquo;arriv\u00e9e des autres cadets ou \u00e0 l&rsquo;heure d\u00e9sign\u00e9e par l\u2019officier de service.<\/p>\n\n\n\n<p>3. Se rapporte \u00e0 l\u2019officier de service d\u00e8s son arriv\u00e9e et attendra son autorisation pour quitter.<\/p>\n\n\n\n<p>4. Doit accompagner l&rsquo;officier de service pour l&rsquo;ouverture et la fermeture du site d\u2019instruction.<\/p>\n\n\n\n<p>5. Responsable de la tenue du rapport d\u2019entra\u00eenement et doit le remettre \u00e0 l\u2019officier de service \u00e0 la fin de la journ\u00e9e.<\/p>\n\n\n\n<p>6. Responsable de faire placer le mat\u00e9riel afin d\u2019assurer le bon fonctionnement de la soir\u00e9e d\u2019instruction en d\u00e9but de soir\u00e9e&nbsp; et de les rapporter en fin de soir\u00e9e.<\/p>\n\n\n\n<p>8. Doit signaler dans son rapport tout danger pour la s\u00e9curit\u00e9 des cadets sur le site d&rsquo;entra\u00eenement ou d&rsquo;instruction.<\/p>\n\n\n\n<p>9. S&rsquo;assurer de la propret\u00e9 des locaux avant de proc\u00e9der \u00e0 l\u2019inspection par l&rsquo;officier de service.<\/p>\n\n\n\n<p>10. Doit assister \u00e0 l&rsquo;entra\u00eenement requis par son programme de niveau, hormis les 5 derni\u00e8res minutes de ses cours.<\/p>\n\n\n\n<p>11. Ex\u00e9cuter toutes autres t\u00e2ches assign\u00e9es par ses sup\u00e9rieurs.<\/p>\n\n\n\n<p><strong>OBSERVATIONS<\/strong><\/p>\n\n\n\n<div class=\"wp-block-group\"><div class=\"wp-block-group__inner-container is-layout-constrained wp-block-group-is-layout-constrained\">\n<p>13. Dans l&rsquo;exercice de ses fonctions, le sous-officier de service doit porter un attribut l&rsquo;identifiant comme en service (plaquette, brassard, etc.).<\/p>\n<\/div><\/div>\n<\/div><\/div>\n\n\n\n<p><\/p>\n","protected":false},"excerpt":{"rendered":"<p>ATTRIBUTION 1. Le poste de sous-officier de service est occup\u00e9 par les cadets de l\u2019\u00e9toile argent\u00e9e et plus du Corps de cadets, qui en assumeront la responsabilit\u00e9, un \u00e0 la fois, \u00e0 tour de r\u00f4le. Lorsqu&rsquo;il est en service, le sous-officier de service est sous le commandement direct de l&rsquo;officier de service. Cette fonction n&rsquo;est &hellip; <a href=\"https:\/\/cc2972.ca\/2972\/sous-officier-de-service\/\" class=\"more-link\">Lire la suite de <span class=\"screen-reader-text\">Sous-officier de service<\/span><\/a><\/p>\n","protected":false},"author":3,"featured_media":0,"parent":0,"menu_order":0,"comment_status":"closed","ping_status":"closed","template":"","meta":{"pagelayer_contact_templates":[],"_pagelayer_content":"","footnotes":""},"class_list":["post-387","page","type-page","status-publish","hentry","no-featured-image"],"_links":{"self":[{"href":"https:\/\/cc2972.ca\/2972\/wp-json\/wp\/v2\/pages\/387","targetHints":{"allow":["GET"]}}],"collection":[{"href":"https:\/\/cc2972.ca\/2972\/wp-json\/wp\/v2\/pages"}],"about":[{"href":"https:\/\/cc2972.ca\/2972\/wp-json\/wp\/v2\/types\/page"}],"author":[{"embeddable":true,"href":"https:\/\/cc2972.ca\/2972\/wp-json\/wp\/v2\/users\/3"}],"replies":[{"embeddable":true,"href":"https:\/\/cc2972.ca\/2972\/wp-json\/wp\/v2\/comments?post=387"}],"version-history":[{"count":1,"href":"https:\/\/cc2972.ca\/2972\/wp-json\/wp\/v2\/pages\/387\/revisions"}],"predecessor-version":[{"id":393,"href":"https:\/\/cc2972.ca\/2972\/wp-json\/wp\/v2\/pages\/387\/revisions\/393"}],"wp:attachment":[{"href":"https:\/\/cc2972.ca\/2972\/wp-json\/wp\/v2\/media?parent=387"}],"curies":[{"name":"wp","href":"https:\/\/api.w.org\/{rel}","templated":true}]}}