{"id":383,"date":"2025-02-02T21:01:36","date_gmt":"2025-02-02T21:01:36","guid":{"rendered":"https:\/\/cc2972.ca\/2972\/?page_id=383"},"modified":"2025-02-02T21:01:45","modified_gmt":"2025-02-02T21:01:45","slug":"cadets-du-mois","status":"publish","type":"page","link":"https:\/\/cc2972.ca\/2972\/cadets-du-mois\/","title":{"rendered":"Cadets du mois"},"content":{"rendered":"\n<div class=\"wp-block-group alignwide\"><div class=\"wp-block-group__inner-container is-layout-constrained wp-block-group-is-layout-constrained\">\n<p>Les cadets qui se d\u00e9marquent ont plusieurs occasions de se faire r\u00e9compenser au cours de l&rsquo;ann\u00e9e. Lors de chaque parade du commandant, des cordons r\u00e9gimentaires sont remis aux cadets s\u2019\u00e9tant d\u00e9marqu\u00e9 durant le mois ainsi qu\u2019un fanion au peloton s\u2019\u00e9tant le plus d\u00e9marqu\u00e9.<\/p>\n\n\n\n<p>Voici les crit\u00e8res de s\u00e9lection pour les cadets et pelotons du mois:<\/p>\n\n\n\n<ul class=\"wp-block-list\">\n<li>Moyenne des inspections<\/li>\n\n\n\n<li>Sommaire des pr\u00e9sences<\/li>\n\n\n\n<li>Retards administratif et perte de mat\u00e9riel<\/li>\n\n\n\n<li>Rendement lors des activit\u00e9s<\/li>\n\n\n\n<li>Points bonis attribu\u00e9s lors des comp\u00e9titions<\/li>\n\n\n\n<li>Rapports de bonne et mauvaise action<\/li>\n<\/ul>\n<\/div><\/div>\n","protected":false},"excerpt":{"rendered":"<p>Les cadets qui se d\u00e9marquent ont plusieurs occasions de se faire r\u00e9compenser au cours de l&rsquo;ann\u00e9e. Lors de chaque parade du commandant, des cordons r\u00e9gimentaires sont remis aux cadets s\u2019\u00e9tant d\u00e9marqu\u00e9 durant le mois ainsi qu\u2019un fanion au peloton s\u2019\u00e9tant le plus d\u00e9marqu\u00e9. Voici les crit\u00e8res de s\u00e9lection pour les cadets et pelotons du mois:<\/p>\n","protected":false},"author":3,"featured_media":0,"parent":0,"menu_order":0,"comment_status":"closed","ping_status":"closed","template":"","meta":{"pagelayer_contact_templates":[],"_pagelayer_content":"","footnotes":""},"class_list":["post-383","page","type-page","status-publish","hentry","no-featured-image"],"_links":{"self":[{"href":"https:\/\/cc2972.ca\/2972\/wp-json\/wp\/v2\/pages\/383","targetHints":{"allow":["GET"]}}],"collection":[{"href":"https:\/\/cc2972.ca\/2972\/wp-json\/wp\/v2\/pages"}],"about":[{"href":"https:\/\/cc2972.ca\/2972\/wp-json\/wp\/v2\/types\/page"}],"author":[{"embeddable":true,"href":"https:\/\/cc2972.ca\/2972\/wp-json\/wp\/v2\/users\/3"}],"replies":[{"embeddable":true,"href":"https:\/\/cc2972.ca\/2972\/wp-json\/wp\/v2\/comments?post=383"}],"version-history":[{"count":2,"href":"https:\/\/cc2972.ca\/2972\/wp-json\/wp\/v2\/pages\/383\/revisions"}],"predecessor-version":[{"id":386,"href":"https:\/\/cc2972.ca\/2972\/wp-json\/wp\/v2\/pages\/383\/revisions\/386"}],"wp:attachment":[{"href":"https:\/\/cc2972.ca\/2972\/wp-json\/wp\/v2\/media?parent=383"}],"curies":[{"name":"wp","href":"https:\/\/api.w.org\/{rel}","templated":true}]}}