{"id":356,"date":"2025-02-02T20:18:29","date_gmt":"2025-02-02T20:18:29","guid":{"rendered":"https:\/\/cc2972.ca\/2972\/?page_id=356"},"modified":"2025-02-02T20:23:59","modified_gmt":"2025-02-02T20:23:59","slug":"comment-obtenir-une-promotion","status":"publish","type":"page","link":"https:\/\/cc2972.ca\/2972\/comment-obtenir-une-promotion\/","title":{"rendered":"Comment obtenir une promotion"},"content":{"rendered":"\n<div class=\"wp-block-group alignwide\"><div class=\"wp-block-group__inner-container is-layout-constrained wp-block-group-is-layout-constrained\">\n<p>Les cadets peuvent atteindre divers grades en fonction de leur r\u00e9ussite du niveau d\u2019\u00e9toile, de leur rendement g\u00e9n\u00e9ral, de leur exp\u00e9rience et de leur leadership. Plus le grade est \u00e9lev\u00e9, plus le niveau de responsabilit\u00e9s augmente. Entre autres, les cadets plus exp\u00e9riment\u00e9s doivent g\u00e9rer, superviser et encadrer des cadets plus jeunes, donner des cours en classe et participer \u00e0 certaines t\u00e2ches administratives.<\/p>\n\n\n\n<p>\u00a0Voici les crit\u00e8res pour obtenir une promotion en r\u00e9f\u00e9rence \u00e0 l&rsquo;<a href=\"https:\/\/www.canada.ca\/fr\/ministere-defense-nationale\/services\/cadets-rangers-juniors-canadiens\/politique-crjc\/ordresgpcrjc\/5000\/5511-3.html\" data-type=\"link\" data-id=\"https:\/\/www.canada.ca\/fr\/ministere-defense-nationale\/services\/cadets-rangers-juniors-canadiens\/politique-crjc\/ordresgpcrjc\/5000\/5511-3.html\">O Gp CRJC 5511-3<\/a>.<\/p>\n\n\n\n<div class=\"wp-block-group\"><div class=\"wp-block-group__inner-container is-layout-constrained wp-block-group-is-layout-constrained\">\n<h2 class=\"wp-block-heading\">Lance-Caporal (Lcpl)<\/h2>\n\n\n\n<div class=\"wp-block-group is-content-justification-left is-nowrap is-layout-flex wp-container-core-group-is-layout-f56a869c wp-block-group-is-layout-flex\">\n<figure class=\"wp-block-image size-full is-resized\"><img loading=\"lazy\" decoding=\"async\" width=\"217\" height=\"167\" src=\"https:\/\/cc2972.ca\/2972\/wp-content\/uploads\/2025\/01\/lcpl.png\" alt=\"\" class=\"wp-image-193\" style=\"width:200px\"\/><\/figure>\n\n\n\n<ul class=\"wp-block-list\">\n<li>Participer \u00e0 la premi\u00e8re d&rsquo;instruction d&rsquo;\u00e9toile pendant au moins 5 mois.<\/li>\n\n\n\n<li>Avoir la recommandation du responsable de niveau.<\/li>\n<\/ul>\n<\/div>\n<\/div><\/div>\n\n\n\n<div class=\"wp-block-group\"><div class=\"wp-block-group__inner-container is-layout-constrained wp-block-group-is-layout-constrained\">\n<h2 class=\"wp-block-heading\">Caporal (Cpl)<\/h2>\n\n\n\n<div class=\"wp-block-group is-content-justification-left is-nowrap is-layout-flex wp-container-core-group-is-layout-f56a869c wp-block-group-is-layout-flex\">\n<figure class=\"wp-block-image size-full is-resized\"><img loading=\"lazy\" decoding=\"async\" width=\"219\" height=\"195\" src=\"https:\/\/cc2972.ca\/2972\/wp-content\/uploads\/2025\/01\/cpl.png\" alt=\"\" class=\"wp-image-162\" style=\"width:200px\"\/><\/figure>\n\n\n\n<ul class=\"wp-block-list\">\n<li>R\u00e9ussite de l&rsquo;\u00e9toile verte.<\/li>\n\n\n\n<li>Avoir au moins 5 mois de service au grade pr\u00e9c\u00e9dent.<\/li>\n\n\n\n<li>Avoir la recommandation du responsable de niveau.<\/li>\n<\/ul>\n<\/div>\n<\/div><\/div>\n\n\n\n<div class=\"wp-block-group\"><div class=\"wp-block-group__inner-container is-layout-constrained wp-block-group-is-layout-constrained\">\n<h2 class=\"wp-block-heading\">Caporal-Chef (Cplc)<\/h2>\n\n\n\n<div class=\"wp-block-group is-content-justification-left is-nowrap is-layout-flex wp-container-core-group-is-layout-f56a869c wp-block-group-is-layout-flex\">\n<figure class=\"wp-block-image size-full is-resized\"><img loading=\"lazy\" decoding=\"async\" width=\"82\" height=\"80\" src=\"https:\/\/cc2972.ca\/2972\/wp-content\/uploads\/2025\/01\/cplc.png\" alt=\"\" class=\"wp-image-163\" style=\"width:200px\"\/><\/figure>\n\n\n\n<ul class=\"wp-block-list\">\n<li>R\u00e9ussite de l&rsquo;\u00e9toile rouge.<\/li>\n\n\n\n<li>Avoir au moins 6 mois de service au grade pr\u00e9c\u00e9dent.<\/li>\n\n\n\n<li>Avoir la recommandation du responsable de niveau.<\/li>\n<\/ul>\n<\/div>\n<\/div><\/div>\n\n\n\n<div class=\"wp-block-group\"><div class=\"wp-block-group__inner-container is-layout-constrained wp-block-group-is-layout-constrained\">\n<h2 class=\"wp-block-heading\">Sergent (Sgt)<\/h2>\n\n\n\n<div class=\"wp-block-group is-content-justification-left is-nowrap is-layout-flex wp-container-core-group-is-layout-f56a869c wp-block-group-is-layout-flex\">\n<figure class=\"wp-block-image size-full is-resized\"><img loading=\"lazy\" decoding=\"async\" width=\"82\" height=\"97\" src=\"https:\/\/cc2972.ca\/2972\/wp-content\/uploads\/2025\/01\/sgt.png\" alt=\"\" class=\"wp-image-229\" style=\"width:200px\"\/><\/figure>\n\n\n\n<ul class=\"wp-block-list\">\n<li>R\u00e9ussite de l&rsquo;\u00e9toile argent.<\/li>\n\n\n\n<li>Avoir au moins 6 mois de service au grade pr\u00e9c\u00e9dent.<\/li>\n\n\n\n<li>Avoir la recommandation du responsable de niveau.<\/li>\n<\/ul>\n<\/div>\n<\/div><\/div>\n\n\n\n<div class=\"wp-block-group\"><div class=\"wp-block-group__inner-container is-layout-constrained wp-block-group-is-layout-constrained\">\n<h2 class=\"wp-block-heading\">Adjudant (Adj)<\/h2>\n\n\n\n<div class=\"wp-block-group is-content-justification-left is-nowrap is-layout-flex wp-container-core-group-is-layout-f56a869c wp-block-group-is-layout-flex\">\n<figure class=\"wp-block-image size-full is-resized\"><img loading=\"lazy\" decoding=\"async\" width=\"82\" height=\"87\" src=\"https:\/\/cc2972.ca\/2972\/wp-content\/uploads\/2025\/01\/adj.png\" alt=\"\" class=\"wp-image-132\" style=\"width:200px\"\/><\/figure>\n\n\n\n<ul class=\"wp-block-list\">\n<li>R\u00e9ussite de l&rsquo;\u00e9toile or.<\/li>\n\n\n\n<li>Avoir au moins 6 mois de service au grade pr\u00e9c\u00e9dent.<\/li>\n\n\n\n<li>\u00catre s\u00e9lectionn\u00e9 pour un poste de leadership disponible au grade d&rsquo;adjudant.<\/li>\n\n\n\n<li>Avoir la recommandation du responsable de niveau.<\/li>\n<\/ul>\n<\/div>\n<\/div><\/div>\n\n\n\n<div class=\"wp-block-group\"><div class=\"wp-block-group__inner-container is-layout-constrained wp-block-group-is-layout-constrained\">\n<h2 class=\"wp-block-heading\">Adjudant-Ma\u00eetre (Adjum)<\/h2>\n\n\n\n<div class=\"wp-block-group is-content-justification-left is-nowrap is-layout-flex wp-container-core-group-is-layout-f56a869c wp-block-group-is-layout-flex\">\n<figure class=\"wp-block-image size-full is-resized\"><img loading=\"lazy\" decoding=\"async\" width=\"100\" height=\"90\" src=\"https:\/\/cc2972.ca\/2972\/wp-content\/uploads\/2025\/01\/adjum.png\" alt=\"\" class=\"wp-image-137\" style=\"width:200px\"\/><\/figure>\n\n\n\n<ul class=\"wp-block-list\">\n<li>Avoir au moins 6 mois de service au grade pr\u00e9c\u00e9dent.<\/li>\n\n\n\n<li>\u00catre s\u00e9lectionn\u00e9 pour un poste de leadership disponible au grade d&rsquo;adjudant-ma\u00eetre.<\/li>\n\n\n\n<li>Avoir la recommandation du responsable de niveau.<\/li>\n<\/ul>\n<\/div>\n<\/div><\/div>\n\n\n\n<div class=\"wp-block-group\"><div class=\"wp-block-group__inner-container is-layout-constrained wp-block-group-is-layout-constrained\">\n<h2 class=\"wp-block-heading\">Adjudant-Chef (Adjuc)<\/h2>\n\n\n\n<div class=\"wp-block-group is-content-justification-left is-nowrap is-layout-flex wp-container-core-group-is-layout-f56a869c wp-block-group-is-layout-flex\">\n<figure class=\"wp-block-image size-full is-resized\"><img loading=\"lazy\" decoding=\"async\" width=\"100\" height=\"133\" src=\"https:\/\/cc2972.ca\/2972\/wp-content\/uploads\/2025\/01\/adjuc.png\" alt=\"\" class=\"wp-image-133\" style=\"width:200px\"\/><\/figure>\n\n\n\n<ul class=\"wp-block-list\">\n<li>Avoir au moins 6 mois de service au grade pr\u00e9c\u00e9dent.<\/li>\n\n\n\n<li>\u00catre s\u00e9lectionn\u00e9 pour un poste de leadership disponible au grade d&rsquo;adjudant-chef.<\/li>\n\n\n\n<li>Avoir la recommandation du responsable de niveau.<\/li>\n<\/ul>\n<\/div>\n<\/div><\/div>\n<\/div><\/div>\n\n\n\n<p><\/p>\n","protected":false},"excerpt":{"rendered":"<p>Les cadets peuvent atteindre divers grades en fonction de leur r\u00e9ussite du niveau d\u2019\u00e9toile, de leur rendement g\u00e9n\u00e9ral, de leur exp\u00e9rience et de leur leadership. Plus le grade est \u00e9lev\u00e9, plus le niveau de responsabilit\u00e9s augmente. Entre autres, les cadets plus exp\u00e9riment\u00e9s doivent g\u00e9rer, superviser et encadrer des cadets plus jeunes, donner des cours en &hellip; <a href=\"https:\/\/cc2972.ca\/2972\/comment-obtenir-une-promotion\/\" class=\"more-link\">Lire la suite de <span class=\"screen-reader-text\">Comment obtenir une promotion<\/span><\/a><\/p>\n","protected":false},"author":3,"featured_media":0,"parent":0,"menu_order":0,"comment_status":"closed","ping_status":"closed","template":"","meta":{"pagelayer_contact_templates":[],"_pagelayer_content":"","footnotes":""},"class_list":["post-356","page","type-page","status-publish","hentry","no-featured-image"],"_links":{"self":[{"href":"https:\/\/cc2972.ca\/2972\/wp-json\/wp\/v2\/pages\/356","targetHints":{"allow":["GET"]}}],"collection":[{"href":"https:\/\/cc2972.ca\/2972\/wp-json\/wp\/v2\/pages"}],"about":[{"href":"https:\/\/cc2972.ca\/2972\/wp-json\/wp\/v2\/types\/page"}],"author":[{"embeddable":true,"href":"https:\/\/cc2972.ca\/2972\/wp-json\/wp\/v2\/users\/3"}],"replies":[{"embeddable":true,"href":"https:\/\/cc2972.ca\/2972\/wp-json\/wp\/v2\/comments?post=356"}],"version-history":[{"count":7,"href":"https:\/\/cc2972.ca\/2972\/wp-json\/wp\/v2\/pages\/356\/revisions"}],"predecessor-version":[{"id":368,"href":"https:\/\/cc2972.ca\/2972\/wp-json\/wp\/v2\/pages\/356\/revisions\/368"}],"wp:attachment":[{"href":"https:\/\/cc2972.ca\/2972\/wp-json\/wp\/v2\/media?parent=356"}],"curies":[{"name":"wp","href":"https:\/\/api.w.org\/{rel}","templated":true}]}}