{"id":331,"date":"2025-02-02T19:54:54","date_gmt":"2025-02-02T19:54:54","guid":{"rendered":"https:\/\/cc2972.ca\/2972\/?page_id=331"},"modified":"2025-02-02T20:00:31","modified_gmt":"2025-02-02T20:00:31","slug":"comment-porter-luniforme","status":"publish","type":"page","link":"https:\/\/cc2972.ca\/2972\/comment-porter-luniforme\/","title":{"rendered":"Comment porter l&rsquo;uniforme"},"content":{"rendered":"\n<div class=\"wp-block-group alignwide\"><div class=\"wp-block-group__inner-container is-layout-constrained wp-block-group-is-layout-constrained\">\n<h2 class=\"wp-block-heading\"><strong>Pourquoi porter un uniforme ?<\/strong><\/h2>\n\n\n\n<p>L&rsquo;\u00e9galit\u00e9 des chances passe aussi par l&rsquo;uniformit\u00e9 vestimentaire. En portant le m\u00eame uniforme, tous les cadets, quelle que soit leur origine, peuvent se concentrer pleinement sur leur apprentissage et le d\u00e9veloppement de leurs comp\u00e9tences en leadership.<\/p>\n\n\n\n<p>L&rsquo;uniforme est bien plus qu&rsquo;un simple v\u00eatement : il est un symbole d&rsquo;appartenance, de discipline et de fiert\u00e9. Il permet \u00e9galement aux cadets d&rsquo;afficher leurs accomplissements gr\u00e2ce aux \u00e9cussons et badges qu&rsquo;ils obtiennent au fil de leur progression.<\/p>\n\n\n\n<h2 class=\"wp-block-heading\"><strong>Les diff\u00e9rentes tenues<\/strong><\/h2>\n\n\n\n<p>Chaque situation requiert une tenue adapt\u00e9e. Voici les principales tenues r\u00e9glementaires des cadets :<\/p>\n\n\n\n<p class=\"has-medium-font-size\"><strong>C1A &#8211; Tenue de c\u00e9r\u00e9monie<\/strong><\/p>\n\n\n\n<figure class=\"wp-block-image size-full is-resized\"><img loading=\"lazy\" decoding=\"async\" width=\"230\" height=\"564\" src=\"https:\/\/cc2972.ca\/2972\/wp-content\/uploads\/2025\/02\/image-1.png\" alt=\"\" class=\"wp-image-336\" style=\"width:200px\" srcset=\"https:\/\/cc2972.ca\/2972\/wp-content\/uploads\/2025\/02\/image-1.png 230w, https:\/\/cc2972.ca\/2972\/wp-content\/uploads\/2025\/02\/image-1-122x300.png 122w\" sizes=\"auto, (max-width: 230px) 100vw, 230px\" \/><\/figure>\n\n\n\n<p class=\"has-medium-font-size\"><strong>C2 &#8211; Tenue de mess<\/strong><\/p>\n\n\n\n<figure class=\"wp-block-image size-full is-resized\"><img loading=\"lazy\" decoding=\"async\" width=\"203\" height=\"542\" src=\"https:\/\/cc2972.ca\/2972\/wp-content\/uploads\/2025\/02\/image-2.png\" alt=\"\" class=\"wp-image-337\" style=\"width:200px\" srcset=\"https:\/\/cc2972.ca\/2972\/wp-content\/uploads\/2025\/02\/image-2.png 203w, https:\/\/cc2972.ca\/2972\/wp-content\/uploads\/2025\/02\/image-2-112x300.png 112w\" sizes=\"auto, (max-width: 203px) 100vw, 203px\" \/><\/figure>\n\n\n\n<p class=\"has-medium-font-size\"><strong>C3 &#8211; Tenue de service<\/strong><\/p>\n\n\n\n<figure class=\"wp-block-image size-full is-resized\"><img loading=\"lazy\" decoding=\"async\" width=\"186\" height=\"570\" src=\"https:\/\/cc2972.ca\/2972\/wp-content\/uploads\/2025\/02\/image-3.png\" alt=\"\" class=\"wp-image-338\" style=\"width:200px\" srcset=\"https:\/\/cc2972.ca\/2972\/wp-content\/uploads\/2025\/02\/image-3.png 186w, https:\/\/cc2972.ca\/2972\/wp-content\/uploads\/2025\/02\/image-3-98x300.png 98w\" sizes=\"auto, (max-width: 186px) 100vw, 186px\" \/><\/figure>\n\n\n\n<p class=\"has-medium-font-size\"><strong>C3B &#8211; Tenue de service (\u00e9t\u00e9)<\/strong><\/p>\n\n\n\n<figure class=\"wp-block-image size-full is-resized\"><img loading=\"lazy\" decoding=\"async\" width=\"166\" height=\"541\" src=\"https:\/\/cc2972.ca\/2972\/wp-content\/uploads\/2025\/02\/image-4.png\" alt=\"\" class=\"wp-image-339\" style=\"width:200px\" srcset=\"https:\/\/cc2972.ca\/2972\/wp-content\/uploads\/2025\/02\/image-4.png 166w, https:\/\/cc2972.ca\/2972\/wp-content\/uploads\/2025\/02\/image-4-92x300.png 92w\" sizes=\"auto, (max-width: 166px) 100vw, 166px\" \/><\/figure>\n\n\n\n<p class=\"has-medium-font-size\"><strong>C5 &#8211; Tenue d&rsquo;entra\u00eenement<\/strong><\/p>\n\n\n\n<figure class=\"wp-block-image size-full is-resized\"><img loading=\"lazy\" decoding=\"async\" width=\"182\" height=\"507\" src=\"https:\/\/cc2972.ca\/2972\/wp-content\/uploads\/2025\/02\/image-5.png\" alt=\"\" class=\"wp-image-340\" style=\"width:200px\" srcset=\"https:\/\/cc2972.ca\/2972\/wp-content\/uploads\/2025\/02\/image-5.png 182w, https:\/\/cc2972.ca\/2972\/wp-content\/uploads\/2025\/02\/image-5-108x300.png 108w\" sizes=\"auto, (max-width: 182px) 100vw, 182px\" \/><\/figure>\n\n\n\n<h2 class=\"wp-block-heading\">O\u00f9 mettre ses \u00e9cussons<\/h2>\n\n\n\n<figure class=\"wp-block-image size-full is-resized\"><img loading=\"lazy\" decoding=\"async\" width=\"636\" height=\"671\" src=\"https:\/\/cc2972.ca\/2972\/wp-content\/uploads\/2025\/02\/image-6.png\" alt=\"\" class=\"wp-image-341\" style=\"width:600px\" srcset=\"https:\/\/cc2972.ca\/2972\/wp-content\/uploads\/2025\/02\/image-6.png 636w, https:\/\/cc2972.ca\/2972\/wp-content\/uploads\/2025\/02\/image-6-284x300.png 284w\" sizes=\"auto, (max-width: 636px) 100vw, 636px\" \/><\/figure>\n\n\n\n<figure class=\"wp-block-image size-full is-resized\"><img loading=\"lazy\" decoding=\"async\" width=\"537\" height=\"664\" src=\"https:\/\/cc2972.ca\/2972\/wp-content\/uploads\/2025\/02\/image-7.png\" alt=\"\" class=\"wp-image-342\" style=\"width:600px\" srcset=\"https:\/\/cc2972.ca\/2972\/wp-content\/uploads\/2025\/02\/image-7.png 537w, https:\/\/cc2972.ca\/2972\/wp-content\/uploads\/2025\/02\/image-7-243x300.png 243w\" sizes=\"auto, (max-width: 537px) 100vw, 537px\" \/><\/figure>\n\n\n\n<figure class=\"wp-block-image size-full\"><img loading=\"lazy\" decoding=\"async\" width=\"734\" height=\"285\" src=\"https:\/\/cc2972.ca\/2972\/wp-content\/uploads\/2025\/02\/image-8.png\" alt=\"\" class=\"wp-image-343\" srcset=\"https:\/\/cc2972.ca\/2972\/wp-content\/uploads\/2025\/02\/image-8.png 734w, https:\/\/cc2972.ca\/2972\/wp-content\/uploads\/2025\/02\/image-8-300x116.png 300w\" sizes=\"auto, (max-width: 734px) 100vw, 734px\" \/><\/figure>\n\n\n\n<h2 class=\"wp-block-heading\">Le b\u00e9r\u00eat<\/h2>\n\n\n\n<figure class=\"wp-block-image size-full is-resized\"><img loading=\"lazy\" decoding=\"async\" width=\"481\" height=\"355\" src=\"https:\/\/cc2972.ca\/2972\/wp-content\/uploads\/2025\/02\/image-9.png\" alt=\"\" class=\"wp-image-344\" style=\"width:500px\" srcset=\"https:\/\/cc2972.ca\/2972\/wp-content\/uploads\/2025\/02\/image-9.png 481w, https:\/\/cc2972.ca\/2972\/wp-content\/uploads\/2025\/02\/image-9-300x221.png 300w\" sizes=\"auto, (max-width: 481px) 100vw, 481px\" \/><\/figure>\n\n\n\n<ul class=\"wp-block-list\">\n<li>L\u2019insigne se porte au-dessus de l\u2019\u0153il gauche, \u00e0 1 cm du rebord sup\u00e9rieur.<\/li>\n\n\n\n<li>Il doit \u00eatre cousu autour de la partie rigide en cuir.<\/li>\n\n\n\n<li>La calotte doit retomber du c\u00f4t\u00e9 droit.<\/li>\n\n\n\n<li>Il doit \u00eatre positionn\u00e9 \u00e0 2,5 cm des sourcils.<\/li>\n\n\n\n<li>Le cordon doit \u00eatre invisible \u00e0 l\u2019int\u00e9rieur.<\/li>\n\n\n\n<li>Ne jamais le laver \u00e0 la machine ni le s\u00e9cher en s\u00e9cheuse (fait de laine).<\/li>\n\n\n\n<li>Pour lui donner la bonne forme, mouillez-le et ajustez-le en le portant.<\/li>\n<\/ul>\n\n\n\n<h2 class=\"wp-block-heading\">La cravate<\/h2>\n\n\n\n<figure class=\"wp-block-image size-full\"><img loading=\"lazy\" decoding=\"async\" width=\"838\" height=\"214\" src=\"https:\/\/cc2972.ca\/2972\/wp-content\/uploads\/2025\/02\/image-10.png\" alt=\"\" class=\"wp-image-345\" srcset=\"https:\/\/cc2972.ca\/2972\/wp-content\/uploads\/2025\/02\/image-10.png 838w, https:\/\/cc2972.ca\/2972\/wp-content\/uploads\/2025\/02\/image-10-300x77.png 300w, https:\/\/cc2972.ca\/2972\/wp-content\/uploads\/2025\/02\/image-10-768x196.png 768w\" sizes=\"auto, (max-width: 838px) 100vw, 838px\" \/><\/figure>\n\n\n\n<h2 class=\"wp-block-heading\">Les bottes<\/h2>\n\n\n\n<ul class=\"wp-block-list\">\n<li>Elles doivent \u00eatre cir\u00e9es r\u00e9guli\u00e8rement avec de la cire noire \u00ab KIWI \u00bb.<\/li>\n\n\n\n<li>Utilisez un linge \u00e0 polir et appliquez la cire en petits mouvements circulaires jusqu\u2019\u00e0 obtenir un effet miroir.<\/li>\n\n\n\n<li>Les bas de laine doivent \u00eatre port\u00e9s \u00e0 l\u2019int\u00e9rieur des bottes.<\/li>\n<\/ul>\n\n\n\n<h2 class=\"wp-block-heading\">Repassage de l&rsquo;uniforme<\/h2>\n\n\n\n<ul class=\"wp-block-list\">\n<li>La vareuse ne doit pas comporter de plis.<\/li>\n\n\n\n<li>La chemise doit avoir un pli au centre de chaque manche.<\/li>\n\n\n\n<li>Le pantalon doit \u00eatre repass\u00e9 avec un pli bien net \u00e0 l&rsquo;avant et \u00e0 l&rsquo;arri\u00e8re.<\/li>\n<\/ul>\n\n\n\n<h2 class=\"wp-block-heading\">Entretien et lavage<\/h2>\n\n\n\n<ul class=\"wp-block-list\">\n<li>L\u2019uniforme doit \u00eatre lav\u00e9 r\u00e9guli\u00e8rement.<\/li>\n\n\n\n<li>Un nettoyage \u00e0 sec n\u2019est pas n\u00e9cessaire.<\/li>\n\n\n\n<li>Toutes les pi\u00e8ces, sauf le b\u00e9ret et la cravate, peuvent \u00eatre lav\u00e9es et s\u00e9ch\u00e9es en machine.<\/li>\n\n\n\n<li>Chaque pi\u00e8ce doit \u00eatre identifi\u00e9e avec un marqueur ind\u00e9l\u00e9bile.<\/li>\n<\/ul>\n\n\n\n<h2 class=\"wp-block-heading\">Bijoux et maquillage<\/h2>\n\n\n\n<ul class=\"wp-block-list\">\n<li>Les bijoux sont g\u00e9n\u00e9ralement interdits, sauf un bouton d\u2019oreille simple par oreille.<\/li>\n\n\n\n<li>Les montres et bracelets \u00ab Medic Alert \u00bb sont autoris\u00e9s.<\/li>\n\n\n\n<li>Un maquillage discret est tol\u00e9r\u00e9.<\/li>\n\n\n\n<li>Les faux cils, eye-liner prononc\u00e9 et vernis \u00e0 ongles voyants sont interdits.<\/li>\n<\/ul>\n\n\n\n<h2 class=\"wp-block-heading\">Vid\u00e9os pratiques<\/h2>\n\n\n\n<ul class=\"wp-block-list\">\n<li><strong><a href=\"https:\/\/www.youtube.com\/watch?v=bbdVXw5Gs2E\" data-type=\"link\" data-id=\"https:\/\/www.youtube.com\/watch?v=bbdVXw5Gs2E\">Comment cirer ses bottes<\/a><\/strong><\/li>\n\n\n\n<li><strong><a href=\"https:\/\/www.youtube.com\/watch?v=uTYalbXGUnY\" data-type=\"link\" data-id=\"https:\/\/www.youtube.com\/watch?v=uTYalbXGUnY\">Comment lacer ses bottes<\/a><\/strong><\/li>\n\n\n\n<li><strong><a href=\"https:\/\/www.youtube.com\/watch?v=7srhzXp0tq8&amp;index=3&amp;list=PLAEC6B777B6BD3D27\" data-type=\"link\" data-id=\"https:\/\/www.youtube.com\/watch?v=7srhzXp0tq8&amp;index=3&amp;list=PLAEC6B777B6BD3D27\">Comment repasser son pantalon<\/a><\/strong><\/li>\n<\/ul>\n<\/div><\/div>\n\n\n\n<p><\/p>\n","protected":false},"excerpt":{"rendered":"<p>Pourquoi porter un uniforme ? L&rsquo;\u00e9galit\u00e9 des chances passe aussi par l&rsquo;uniformit\u00e9 vestimentaire. En portant le m\u00eame uniforme, tous les cadets, quelle que soit leur origine, peuvent se concentrer pleinement sur leur apprentissage et le d\u00e9veloppement de leurs comp\u00e9tences en leadership. L&rsquo;uniforme est bien plus qu&rsquo;un simple v\u00eatement : il est un symbole d&rsquo;appartenance, de &hellip; <a href=\"https:\/\/cc2972.ca\/2972\/comment-porter-luniforme\/\" class=\"more-link\">Lire la suite de <span class=\"screen-reader-text\">Comment porter l&rsquo;uniforme<\/span><\/a><\/p>\n","protected":false},"author":3,"featured_media":0,"parent":0,"menu_order":0,"comment_status":"closed","ping_status":"closed","template":"","meta":{"pagelayer_contact_templates":[],"_pagelayer_content":"","footnotes":""},"class_list":["post-331","page","type-page","status-publish","hentry","no-featured-image"],"_links":{"self":[{"href":"https:\/\/cc2972.ca\/2972\/wp-json\/wp\/v2\/pages\/331","targetHints":{"allow":["GET"]}}],"collection":[{"href":"https:\/\/cc2972.ca\/2972\/wp-json\/wp\/v2\/pages"}],"about":[{"href":"https:\/\/cc2972.ca\/2972\/wp-json\/wp\/v2\/types\/page"}],"author":[{"embeddable":true,"href":"https:\/\/cc2972.ca\/2972\/wp-json\/wp\/v2\/users\/3"}],"replies":[{"embeddable":true,"href":"https:\/\/cc2972.ca\/2972\/wp-json\/wp\/v2\/comments?post=331"}],"version-history":[{"count":4,"href":"https:\/\/cc2972.ca\/2972\/wp-json\/wp\/v2\/pages\/331\/revisions"}],"predecessor-version":[{"id":353,"href":"https:\/\/cc2972.ca\/2972\/wp-json\/wp\/v2\/pages\/331\/revisions\/353"}],"wp:attachment":[{"href":"https:\/\/cc2972.ca\/2972\/wp-json\/wp\/v2\/media?parent=331"}],"curies":[{"name":"wp","href":"https:\/\/api.w.org\/{rel}","templated":true}]}}