{"id":318,"date":"2025-02-02T18:48:39","date_gmt":"2025-02-02T18:48:39","guid":{"rendered":"https:\/\/cc2972.ca\/2972\/?page_id=318"},"modified":"2025-02-07T14:15:45","modified_gmt":"2025-02-07T19:15:45","slug":"contactez-nous","status":"publish","type":"page","link":"https:\/\/cc2972.ca\/2972\/contactez-nous\/","title":{"rendered":"Contactez nous"},"content":{"rendered":"\n<div class=\"wp-block-group alignwide\"><div class=\"wp-block-group__inner-container is-layout-constrained wp-block-group-is-layout-constrained\">\n<p>Vous pouvez nous contacter en tout temps au courriel suivant : <a href=\"mailto:2972Armee@cadets.gc.ca\">2972Armee@cadets.gc.ca<\/a>. Un membre de notre \u00e9quipe vous r\u00e9pondra sous peu.<\/p>\n\n\n\n<p>Vous pouvez \u00e9galment nous suivre sur les r\u00e9seaux sociaux:<br><a href=\"https:\/\/www.instagram.com\/cc2972.mercier\" data-type=\"link\" data-id=\"https:\/\/www.instagram.com\/cc2972.mercier\">Instagram<\/a><br><a href=\"https:\/\/www.facebook.com\/CorpsdeCadets2972Mercier\/\" data-type=\"link\" data-id=\"https:\/\/www.facebook.com\/CorpsdeCadets2972Mercier\/\">Facebook<\/a><br><a href=\"https:\/\/www.youtube.com\/@Cc2972Ca\" data-type=\"link\" data-id=\"https:\/\/www.youtube.com\/@Cc2972Ca\">Youtube<\/a><\/p>\n<\/div><\/div>\n\n\n\n<p><\/p>\n","protected":false},"excerpt":{"rendered":"<p>Vous pouvez nous contacter en tout temps au courriel suivant : 2972Armee@cadets.gc.ca. Un membre de notre \u00e9quipe vous r\u00e9pondra sous peu. Vous pouvez \u00e9galment nous suivre sur les r\u00e9seaux sociaux:InstagramFacebookYoutube<\/p>\n","protected":false},"author":3,"featured_media":0,"parent":0,"menu_order":0,"comment_status":"closed","ping_status":"closed","template":"","meta":{"pagelayer_contact_templates":[],"_pagelayer_content":"","footnotes":""},"class_list":["post-318","page","type-page","status-publish","hentry","no-featured-image"],"_links":{"self":[{"href":"https:\/\/cc2972.ca\/2972\/wp-json\/wp\/v2\/pages\/318","targetHints":{"allow":["GET"]}}],"collection":[{"href":"https:\/\/cc2972.ca\/2972\/wp-json\/wp\/v2\/pages"}],"about":[{"href":"https:\/\/cc2972.ca\/2972\/wp-json\/wp\/v2\/types\/page"}],"author":[{"embeddable":true,"href":"https:\/\/cc2972.ca\/2972\/wp-json\/wp\/v2\/users\/3"}],"replies":[{"embeddable":true,"href":"https:\/\/cc2972.ca\/2972\/wp-json\/wp\/v2\/comments?post=318"}],"version-history":[{"count":4,"href":"https:\/\/cc2972.ca\/2972\/wp-json\/wp\/v2\/pages\/318\/revisions"}],"predecessor-version":[{"id":459,"href":"https:\/\/cc2972.ca\/2972\/wp-json\/wp\/v2\/pages\/318\/revisions\/459"}],"wp:attachment":[{"href":"https:\/\/cc2972.ca\/2972\/wp-json\/wp\/v2\/media?parent=318"}],"curies":[{"name":"wp","href":"https:\/\/api.w.org\/{rel}","templated":true}]}}