{"id":29,"date":"2025-01-29T15:48:01","date_gmt":"2025-01-29T15:48:01","guid":{"rendered":"https:\/\/cc2972.ca\/2972\/?page_id=29"},"modified":"2025-02-05T14:05:48","modified_gmt":"2025-02-05T14:05:48","slug":"activites-daventure","status":"publish","type":"page","link":"https:\/\/cc2972.ca\/2972\/activites-daventure\/","title":{"rendered":"Activit\u00e9s d\u2019aventure"},"content":{"rendered":"\n<div class=\"wp-block-group alignwide\"><div class=\"wp-block-group__inner-container is-layout-constrained wp-block-group-is-layout-constrained\">\n<p class=\"has-large-font-size\"><strong>Exercice aventurier<\/strong><\/p>\n\n\n\n<div class=\"wp-block-group is-content-justification-space-between is-nowrap is-layout-flex wp-container-core-group-is-layout-0dfbf163 wp-block-group-is-layout-flex\">\n<p>Les cadets vont en exercice aventurier deux fois par ann\u00e9e (automne, hiver et\/ou printemps). Un exercice aventurier se d\u00e9roule du vendredi soir au dimanche apr\u00e8s-midi. Lors de ces fins de semaines, les cadets ont l\u2019occasion de mettre leurs notions de leadership \u00e0 l\u2019\u00e9preuve.<br><br>Ils apprennent des notions de survie en for\u00eat, comment construire des abris naturels et comment faire des feux. Ils ont aussi l\u2019occasion de mettre en pratique leurs notions de topographie, comment utiliser une carte et boussole et comment utiliser un GPS.<br><br>Les cadets qui d\u00e9sirent vivent d\u2019autres aventures de plein-air peuvent le faire \u00e0 travers quatre autres activit\u00e9s.<\/p>\n\n\n\n<figure class=\"wp-block-image size-full is-resized\"><img loading=\"lazy\" decoding=\"async\" width=\"351\" height=\"467\" src=\"https:\/\/cc2972.ca\/2972\/wp-content\/uploads\/2025\/01\/image-2-edited.png\" alt=\"\" class=\"wp-image-62\" style=\"width:348px;height:auto\" srcset=\"https:\/\/cc2972.ca\/2972\/wp-content\/uploads\/2025\/01\/image-2-edited.png 351w, https:\/\/cc2972.ca\/2972\/wp-content\/uploads\/2025\/01\/image-2-edited-225x300.png 225w\" sizes=\"auto, (max-width: 351px) 100vw, 351px\" \/><\/figure>\n<\/div>\n<\/div><\/div>\n\n\n\n<div class=\"wp-block-group alignwide\"><div class=\"wp-block-group__inner-container is-layout-constrained wp-block-group-is-layout-constrained\">\n<p class=\"has-text-align-right has-large-font-size\"><strong><strong>Programme exp\u00e9dition<\/strong><\/strong><\/p>\n\n\n\n<div class=\"wp-block-group is-nowrap is-layout-flex wp-container-core-group-is-layout-ad2f72ca wp-block-group-is-layout-flex\">\n<figure class=\"wp-block-image size-full is-resized\"><img loading=\"lazy\" decoding=\"async\" width=\"434\" height=\"771\" src=\"https:\/\/cc2972.ca\/2972\/wp-content\/uploads\/2025\/01\/image-4-edited.png\" alt=\"\" class=\"wp-image-35\" style=\"width:517px;height:auto\" srcset=\"https:\/\/cc2972.ca\/2972\/wp-content\/uploads\/2025\/01\/image-4-edited.png 434w, https:\/\/cc2972.ca\/2972\/wp-content\/uploads\/2025\/01\/image-4-edited-169x300.png 169w\" sizes=\"auto, (max-width: 434px) 100vw, 434px\" \/><\/figure>\n\n\n\n<p>Depuis l\u2019ann\u00e9e 2000, la Ligue des Cadets de l\u2019Arm\u00e9e du Canada et le Minist\u00e8re de la D\u00e9fense Nationale ont permis \u00e0 plusieurs cadets de l\u2019Arm\u00e9e de participer aux exp\u00e9ditions internationales et nationales. Ces exp\u00e9ditions ont permis \u00e0 des jeunes canadiens de visiter plusieurs pays et destinations comme le Maroc, l\u2019Australie, la Cor\u00e9e du Sud, le Costa Rica, les \u00c9tats-Unis, le Mont Blanc, l\u2019Italie, l\u2019Espagne et la France ainsi que des voyages \u00e0 l\u2019int\u00e9rieur de notre magnifique pays.<br><br>Le programme d\u2019Exp\u00e9dition des Cadets de l\u2019Arm\u00e9e est l\u2019activit\u00e9 la plus r\u00e9put\u00e9e o\u00f9 les meilleurs cadets de partout au Canada testeront et iront \u00e0 la limite de leurs capacit\u00e9s physiques et mentales. Ces exp\u00e9riences de voyage permettent aux cadets de d\u00e9velopper leur autonomie, leur leadership et leur c\u00f4t\u00e9 aventurier autant que la signification d\u2019\u00eatre canadien.<br><br>Les activit\u00e9s d\u2019exp\u00e9dition permettent aux cadets de perfectionner des comp\u00e9tences en navigation, randonn\u00e9e de haute montagne, survie en for\u00eat et leadership. Tous les cadets doivent obligatoirement prendre part aux activit\u00e9s d\u2019exp\u00e9dition au niveau local et de leur zone. Ils peuvent aussi d\u00e9cider de participer \u00e0 des exp\u00e9ditions plus avanc\u00e9es \u00e0 l\u2019\u00e9chelle r\u00e9gionale, nationale et internationale selon leurs int\u00e9r\u00eats personnels, leurs comp\u00e9tences et leur d\u00e9sir de se mesurer \u00e0 eux-m\u00eames dans le d\u00e9passement d\u2019un degr\u00e9 sup\u00e9rieur de difficult\u00e9.<\/p>\n<\/div>\n<\/div><\/div>\n\n\n\n<div class=\"wp-block-group alignwide\"><div class=\"wp-block-group__inner-container is-layout-constrained wp-block-group-is-layout-constrained\">\n<div class=\"wp-block-group is-nowrap is-layout-flex wp-container-core-group-is-layout-64989fb1 wp-block-group-is-layout-flex\">\n<div class=\"wp-block-group alignwide\"><div class=\"wp-block-group__inner-container is-layout-constrained wp-block-group-is-layout-constrained\">\n<div class=\"wp-block-group is-nowrap is-layout-flex wp-container-core-group-is-layout-9123dee2 wp-block-group-is-layout-flex\">\n<figure class=\"wp-block-image size-full is-resized\"><img loading=\"lazy\" decoding=\"async\" width=\"128\" height=\"117\" src=\"https:\/\/cc2972.ca\/2972\/wp-content\/uploads\/2025\/01\/image-6.png\" alt=\"\" class=\"wp-image-37\" style=\"width:70px\"\/><\/figure>\n\n\n\n<p class=\"has-medium-font-size\"><strong>Exp\u00e9ditions r\u00e9gionales<\/strong><br>L\u2019exp\u00e9dition dur\u00e9e de 4 \u00e0 10 jours. Le degr\u00e9 de d\u00e9fi de ces exp\u00e9ditions doit d\u00e9passer celui du niveau zone.<\/p>\n<\/div>\n\n\n\n<p>Les crit\u00e8res de s\u00e9lection de ces cadets sont les suivants :<\/p>\n\n\n\n<ul class=\"wp-block-list\">\n<li>La priorit\u00e9 est accord\u00e9e aux cadets qui ont accumul\u00e9 plus de points \u00e0 l\u2019ENE au niveau r\u00e9gional au moment de la s\u00e9lection;<\/li>\n\n\n\n<li>Ils doivent \u00eatre au moins qualifi\u00e9s \u00e9toile or;<\/li>\n\n\n\n<li>Ils doivent avoir au moins 15 ans;<\/li>\n\n\n\n<li>Ils doivent avoir pris part aux activit\u00e9s de niveau zone;<\/li>\n\n\n\n<li>Ils doivent \u00eatre au moins qualifi\u00e9s niveau argent au NECPC;<\/li>\n\n\n\n<li>Ils doivent \u00eatre m\u00e9dicalement aptes, et ne faire l\u2019objet d\u2019aucune restriction d\u2019ordre m\u00e9dical;<\/li>\n<\/ul>\n<\/div><\/div>\n\n\n\n<div class=\"wp-block-group alignwide\"><div class=\"wp-block-group__inner-container is-layout-constrained wp-block-group-is-layout-constrained\">\n<div class=\"wp-block-group is-nowrap is-layout-flex wp-container-core-group-is-layout-ad2f72ca wp-block-group-is-layout-flex\">\n<figure class=\"wp-block-image size-full is-resized\"><img loading=\"lazy\" decoding=\"async\" width=\"120\" height=\"116\" src=\"https:\/\/cc2972.ca\/2972\/wp-content\/uploads\/2025\/01\/image-7.png\" alt=\"\" class=\"wp-image-38\" style=\"width:70px\"\/><\/figure>\n\n\n\n<p class=\"has-medium-font-size\"><strong><strong>Exp\u00e9ditions nationales et internationales<\/strong><\/strong><br>Les exp\u00e9ditions nationales et internationales visent \u00e0 perfectionner et \u00e0 garder en poste les cadets seniors ainsi qu\u2019\u00e0 raffiner leur capacit\u00e9 de contribuer \u00e0 la prestation du Programme d\u2019exp\u00e9ditions.<\/p>\n<\/div>\n\n\n\n<p>Les crit\u00e8res de s\u00e9lection de ces cadets sont les suivants :<\/p>\n\n\n\n<ul class=\"wp-block-list\">\n<li>Un cadet peut seulement participer \u00e0 une exp\u00e9dition nationale ou internationale par ann\u00e9e (p\u00e9riode de douze mois cons\u00e9cutifs de la premi\u00e8re exp\u00e9dition) ;<\/li>\n\n\n\n<li>Avoir au moins 16 ans avant l\u2019exp\u00e9dition;<\/li>\n\n\n\n<li>Avoir pris part aux activit\u00e9s de niveau zone argent et or;<\/li>\n\n\n\n<li>S\u2019\u00eatre qualifi\u00e9 au niveau bronze du NECPC;<\/li>\n\n\n\n<li>\u00catre m\u00e9dicalement apte \u00e0 l\u2019activit\u00e9;<\/li>\n\n\n\n<li>Lors de la s\u00e9lection, l\u2019URSC peut donner pr\u00e9c\u00e9dence aux cadets qui ont particip\u00e9 \u00e0 une exp\u00e9dition r\u00e9gionale, au cours d\u2019instructeur d\u2019exp\u00e9dition et\/ou au cours de leadership et challenge, ou qui pr\u00e9sentent des exp\u00e9riences civiles document\u00e9es au niveau du plein-air\/ exp\u00e9ditions ;<\/li>\n\n\n\n<li>Si un besoin existe de d\u00e9partager des cadets d\u2019exp\u00e9riences similaires, la priorit\u00e9 sera accord\u00e9e aux cadets qui ont accumul\u00e9 plus de points \u00e0 l\u2019Etoile nationale d\u2019excellence (ENE) au moment de la s\u00e9lection ;<\/li>\n<\/ul>\n<\/div><\/div>\n<\/div>\n<\/div><\/div>\n\n\n\n<div class=\"wp-block-group alignwide\"><div class=\"wp-block-group__inner-container is-layout-constrained wp-block-group-is-layout-constrained\">\n<p class=\"has-large-font-size\"><strong>Course d\u2019aventure \u00ab FouRaid \u00bb<\/strong><\/p>\n\n\n\n<div class=\"wp-block-group is-nowrap is-layout-flex wp-container-core-group-is-layout-ad2f72ca wp-block-group-is-layout-flex\">\n<figure class=\"wp-block-image size-full is-resized\"><img loading=\"lazy\" decoding=\"async\" width=\"2048\" height=\"1365\" src=\"https:\/\/cc2972.ca\/2972\/wp-content\/uploads\/2025\/01\/image-8.png\" alt=\"\" class=\"wp-image-39\" style=\"aspect-ratio:3\/2;object-fit:cover;width:400px\" srcset=\"https:\/\/cc2972.ca\/2972\/wp-content\/uploads\/2025\/01\/image-8.png 2048w, https:\/\/cc2972.ca\/2972\/wp-content\/uploads\/2025\/01\/image-8-300x200.png 300w, https:\/\/cc2972.ca\/2972\/wp-content\/uploads\/2025\/01\/image-8-1024x683.png 1024w, https:\/\/cc2972.ca\/2972\/wp-content\/uploads\/2025\/01\/image-8-768x512.png 768w, https:\/\/cc2972.ca\/2972\/wp-content\/uploads\/2025\/01\/image-8-1536x1024.png 1536w, https:\/\/cc2972.ca\/2972\/wp-content\/uploads\/2025\/01\/image-8-1080x720.png 1080w\" sizes=\"auto, (max-width: 2048px) 100vw, 2048px\" \/><\/figure>\n\n\n\n<p>En \u00e9quipe de deux, les comp\u00e9titeurs doivent parcourir une distance variant entre 35 et 50 km sur une dur\u00e9e de 8 heures. \u00c0 l\u2019aide d\u2019une boussole et de diff\u00e9rents types de cartes, ils doivent localiser des points de contr\u00f4le dispos\u00e9s \u00e0 divers endroits sur le terrain. Les disciplines principales de la course d\u2019aventure \u00ab FouRaid \u00bb sont :<br>1. V\u00e9lo de montagne<br>2. Canot en eau calme<br>3. Trekking et course en sentiers<br>4. Rappel sur paroi rocheuse<\/p>\n<\/div>\n<\/div><\/div>\n\n\n\n<p><\/p>\n","protected":false},"excerpt":{"rendered":"<p>Exercice aventurier Les cadets vont en exercice aventurier deux fois par ann\u00e9e (automne, hiver et\/ou printemps). Un exercice aventurier se d\u00e9roule du vendredi soir au dimanche apr\u00e8s-midi. Lors de ces fins de semaines, les cadets ont l\u2019occasion de mettre leurs notions de leadership \u00e0 l\u2019\u00e9preuve. Ils apprennent des notions de survie en for\u00eat, comment construire &hellip; <a href=\"https:\/\/cc2972.ca\/2972\/activites-daventure\/\" class=\"more-link\">Lire la suite de <span class=\"screen-reader-text\">Activit\u00e9s d\u2019aventure<\/span><\/a><\/p>\n","protected":false},"author":3,"featured_media":0,"parent":0,"menu_order":0,"comment_status":"closed","ping_status":"closed","template":"","meta":{"pagelayer_contact_templates":[],"_pagelayer_content":"","footnotes":""},"class_list":["post-29","page","type-page","status-publish","hentry","no-featured-image"],"_links":{"self":[{"href":"https:\/\/cc2972.ca\/2972\/wp-json\/wp\/v2\/pages\/29","targetHints":{"allow":["GET"]}}],"collection":[{"href":"https:\/\/cc2972.ca\/2972\/wp-json\/wp\/v2\/pages"}],"about":[{"href":"https:\/\/cc2972.ca\/2972\/wp-json\/wp\/v2\/types\/page"}],"author":[{"embeddable":true,"href":"https:\/\/cc2972.ca\/2972\/wp-json\/wp\/v2\/users\/3"}],"replies":[{"embeddable":true,"href":"https:\/\/cc2972.ca\/2972\/wp-json\/wp\/v2\/comments?post=29"}],"version-history":[{"count":20,"href":"https:\/\/cc2972.ca\/2972\/wp-json\/wp\/v2\/pages\/29\/revisions"}],"predecessor-version":[{"id":454,"href":"https:\/\/cc2972.ca\/2972\/wp-json\/wp\/v2\/pages\/29\/revisions\/454"}],"wp:attachment":[{"href":"https:\/\/cc2972.ca\/2972\/wp-json\/wp\/v2\/media?parent=29"}],"curies":[{"name":"wp","href":"https:\/\/api.w.org\/{rel}","templated":true}]}}