{"id":260,"date":"2025-01-30T23:50:53","date_gmt":"2025-01-30T23:50:53","guid":{"rendered":"https:\/\/cc2972.ca\/2972\/?page_id=260"},"modified":"2025-01-30T23:52:00","modified_gmt":"2025-01-30T23:52:00","slug":"devenir-benevole","status":"publish","type":"page","link":"https:\/\/cc2972.ca\/2972\/devenir-benevole\/","title":{"rendered":"Devenir b\u00e9n\u00e9vole"},"content":{"rendered":"\n<div class=\"wp-block-group alignwide\"><div class=\"wp-block-group__inner-container is-layout-constrained wp-block-group-is-layout-constrained\">\n<p>Le Corps de Cadets 2972 Mercier ne pourrait exister sans l\u2019engagement pr\u00e9cieux de ses b\u00e9n\u00e9voles. Que vous ayez un peu de temps \u00e0 offrir ou souhaitiez vous impliquer r\u00e9guli\u00e8rement, il y a plusieurs fa\u00e7ons de contribuer \u00e0 cette belle aventure !<\/p>\n\n\n\n<h3 class=\"wp-block-heading\"><strong>Comment vous impliquer ?<\/strong><\/h3>\n\n\n\n<p><strong>Rejoindre le comit\u00e9 de soutien<\/strong><br>Participez aux d\u00e9cisions logistiques et financi\u00e8res du corps de cadets en si\u00e9geant au comit\u00e9. Une r\u00e9union par mois suffit pour avoir un r\u00e9el impact !<\/p>\n\n\n\n<p><strong>Accompagner les cadets lors des activit\u00e9s<\/strong><br>Aidez nos instructeurs en donnant un coup de main lors des sorties et \u00e9v\u00e9nements. Une belle occasion de partager des moments enrichissants avec les jeunes !<\/p>\n\n\n\n<p><strong>Soutenir les campagnes de financement<\/strong><br>Tout au long de l\u2019ann\u00e9e, nous organisons diverses campagnes (vente de chocolat, collecte de contenants consign\u00e9s, emballage au Super C, souper spaghetti). Plus nous sommes nombreux, plus ces initiatives sont un succ\u00e8s !<\/p>\n\n\n\n<p><strong>Devenir membre du personnel b\u00e9n\u00e9vole<\/strong><br>Vous avez des comp\u00e9tences en sport, tir, musique ou logistique ? Rejoignez notre \u00e9quipe et mettez votre savoir-faire au service des cadets !<\/p>\n\n\n\n<h3 class=\"wp-block-heading\"><strong>Une d\u00e9marche simple et gratuite<\/strong><\/h3>\n\n\n\n<p>Tous les b\u00e9n\u00e9voles doivent se soumettre \u00e0 une enqu\u00eate d\u2019ant\u00e9c\u00e9dents judiciaires (sans frais).<\/p>\n\n\n\n<p><strong>Int\u00e9ress\u00e9(e) ?<\/strong> Contactez-nous par courriel \u00e0 <strong><a>2972armee@cadets.gc.ca<\/a><\/strong> ou venez nous rencontrer en personne le <strong>mardi soir<\/strong>. Demandez la pr\u00e9sidente du comit\u00e9 de soutien ou le commandant.<\/p>\n\n\n\n<p><strong>Votre engagement fait toute la diff\u00e9rence !<\/strong><\/p>\n<\/div><\/div>\n","protected":false},"excerpt":{"rendered":"<p>Le Corps de Cadets 2972 Mercier ne pourrait exister sans l\u2019engagement pr\u00e9cieux de ses b\u00e9n\u00e9voles. Que vous ayez un peu de temps \u00e0 offrir ou souhaitiez vous impliquer r\u00e9guli\u00e8rement, il y a plusieurs fa\u00e7ons de contribuer \u00e0 cette belle aventure ! Comment vous impliquer ? Rejoindre le comit\u00e9 de soutienParticipez aux d\u00e9cisions logistiques et financi\u00e8res &hellip; <a href=\"https:\/\/cc2972.ca\/2972\/devenir-benevole\/\" class=\"more-link\">Lire la suite de <span class=\"screen-reader-text\">Devenir b\u00e9n\u00e9vole<\/span><\/a><\/p>\n","protected":false},"author":3,"featured_media":0,"parent":0,"menu_order":0,"comment_status":"closed","ping_status":"closed","template":"","meta":{"pagelayer_contact_templates":[],"_pagelayer_content":"","footnotes":""},"class_list":["post-260","page","type-page","status-publish","hentry","no-featured-image"],"_links":{"self":[{"href":"https:\/\/cc2972.ca\/2972\/wp-json\/wp\/v2\/pages\/260","targetHints":{"allow":["GET"]}}],"collection":[{"href":"https:\/\/cc2972.ca\/2972\/wp-json\/wp\/v2\/pages"}],"about":[{"href":"https:\/\/cc2972.ca\/2972\/wp-json\/wp\/v2\/types\/page"}],"author":[{"embeddable":true,"href":"https:\/\/cc2972.ca\/2972\/wp-json\/wp\/v2\/users\/3"}],"replies":[{"embeddable":true,"href":"https:\/\/cc2972.ca\/2972\/wp-json\/wp\/v2\/comments?post=260"}],"version-history":[{"count":2,"href":"https:\/\/cc2972.ca\/2972\/wp-json\/wp\/v2\/pages\/260\/revisions"}],"predecessor-version":[{"id":264,"href":"https:\/\/cc2972.ca\/2972\/wp-json\/wp\/v2\/pages\/260\/revisions\/264"}],"wp:attachment":[{"href":"https:\/\/cc2972.ca\/2972\/wp-json\/wp\/v2\/media?parent=260"}],"curies":[{"name":"wp","href":"https:\/\/api.w.org\/{rel}","templated":true}]}}