{"id":254,"date":"2025-01-30T23:46:24","date_gmt":"2025-01-30T23:46:24","guid":{"rendered":"https:\/\/cc2972.ca\/2972\/?page_id=254"},"modified":"2025-10-08T07:38:16","modified_gmt":"2025-10-08T12:38:16","slug":"inscriptions","status":"publish","type":"page","link":"https:\/\/cc2972.ca\/2972\/inscriptions\/","title":{"rendered":"Inscriptions"},"content":{"rendered":"\n<div class=\"wp-block-group alignwide\"><div class=\"wp-block-group__inner-container is-layout-constrained wp-block-group-is-layout-constrained\">\n<p>La p\u00e9riode d\u2019inscription est du d\u00e9but septembre au 31 mars, vous pouvez connaitre les modalit\u00e9s et d\u00e9buter votre inscription en tout temps en ligne au lien suivant: <a href=\"https:\/\/www.canada.ca\/fr\/ministere-defense-nationale\/services\/cadets-rangers-juniors-canadiens\/cadets\/rejoignez-nous.html\">Joignez-vous aux cadets &#8211; Canada.ca<\/a> Vous pouvez aussi venir nous rencontrer les mardi entre 18h30 et 20h30. Nous sommes situ\u00e9e au 730 boulevard St-Jean-Baptiste Mercier (Centre communautaire Roger Tougas).<\/p>\n\n\n\n<p class=\"has-medium-font-size\"><strong>Devenir Cadet au Corps de Cadets 2972 Mercier<\/strong><\/p>\n\n\n\n<p>Rejoindre le Corps de Cadets 2972 Mercier, c&rsquo;est facile et totalement gratuit ! Suivez les \u00e9tapes ci-dessous pour finaliser l\u2019inscription de votre enfant et lui permettre de participer \u00e0 nos nombreuses activit\u00e9s enrichissantes.<\/p>\n\n\n\n<p><strong>Une question qui revient souvent:<\/strong> Combien co\u00fbte l&rsquo;inscription dans une unit\u00e9 de cadets? R\u00e9ponse tr\u00e8s simple: rien! S&rsquo;inscrire dans une unit\u00e9, les uniformes et activit\u00e9s ne co\u00fbtent rien. Une partie du budget provient du gouvernement f\u00e9d\u00e9ral et l&rsquo;autre partie des diverses campagnes de financement que l&rsquo;unit\u00e9 fait. Les uniformes de parade et d&rsquo;entrainement en campagne sont pr\u00eat\u00e9 aux jeunes, nous demandons simplement qu&rsquo;ils en prennent soin et les \u00e9changes au quartier-ma\u00eetre en cas de dommage ou s&rsquo;ils sont rendu trop petit.<\/p>\n\n\n\n<h3 class=\"wp-block-heading\"><strong>\u00c9tapes d&rsquo;inscriptio<\/strong>n<\/h3>\n\n\n\n<ol class=\"wp-block-list\">\n<li><strong>Remplir la demande d&rsquo;inscription en ligne<\/strong><\/li>\n<\/ol>\n\n\n\n<ul class=\"wp-block-list\">\n<li>Rendez-vous sur l&rsquo;<a href=\"https:\/\/inscription.cadets.gc.ca\/demarrer.html\" data-type=\"link\" data-id=\"https:\/\/inscription.cadets.gc.ca\/demarrer.html\">outil d&rsquo;inscription en ligne<\/a>.<\/li>\n\n\n\n<li>Indiquez <strong>2972 Mercier<\/strong> dans le champ \u00ab\u00a0Nom de l\u2019unit\u00e9\u00a0\u00bb.<\/li>\n\n\n\n<li>S\u00e9lectionnez <strong>CORPS DE CADETS ROYAUX DE L\u2019ARM\u00c9E CANADIENNE 2972 MERCIER<\/strong>.<\/li>\n\n\n\n<li>Compl\u00e9tez les informations demand\u00e9es.<\/li>\n\n\n\n<li>Cliquez sur <strong>D\u00c9MARRER UNE ADH\u00c9SION<\/strong> et v\u00e9rifiez votre bo\u00eete courriel pour valider votre inscription.<\/li>\n<\/ul>\n\n\n\n<ol start=\"2\" class=\"wp-block-list\">\n<li><strong>Compl\u00e9ter les formulaires n\u00e9cessaires<\/strong><br>Selon vos r\u00e9ponses dans le formulaire d\u2019admission, certains documents suppl\u00e9mentaires pourraient \u00eatre requis. Vous pourrez les remplir directement \u00e0 l\u2019unit\u00e9.<\/li>\n\n\n\n<li><strong>Signer les documents obligatoires<\/strong>\n<ul class=\"wp-block-list\">\n<li><strong>Acceptation de responsabilit\u00e9 de l\u2019uniforme<\/strong> (signature du parent).<\/li>\n\n\n\n<li><strong>Code de vie des cadets<\/strong> (signature du cadet et du parent).<\/li>\n<\/ul>\n<\/li>\n<\/ol>\n\n\n\n<h3 class=\"wp-block-heading\"><strong>Documents \u00e0 fournir<\/strong><\/h3>\n\n\n\n<p>Pour finaliser l\u2019inscription, veuillez apporter une copie des documents suivants :<br>\u2705 <strong>Une pi\u00e8ce d\u2019identit\u00e9<\/strong> (certificat de naissance, passeport, carte d\u2019identit\u00e9 officielle, etc.).<br>\u2705 <strong>Si applicable<\/strong> : tout document l\u00e9gal concernant la garde ou des restrictions sp\u00e9cifiques.<br>\u2705 <strong>Si requis<\/strong> : des documents m\u00e9dicaux suppl\u00e9mentaires en fonction du formulaire m\u00e9dical d\u00e9taill\u00e9.<\/p>\n\n\n\n<p>\ud83d\udca1 <strong>Une fois tous les documents compl\u00e9t\u00e9s et valid\u00e9s, votre enfant sera mesurer pour pouvoir commander ses uniformes et il les recevra par la suite et pourra pleinement profiter de nos activit\u00e9s !<\/strong><\/p>\n\n\n\n<h3 class=\"wp-block-heading\"><strong>Besoin d\u2019aide ?<\/strong><\/h3>\n\n\n\n<p>\ud83d\udce7 <strong>Courriel<\/strong> : <a>2972armee@cadets.gc.ca<\/a><br>Nous avons h\u00e2te d\u2019accueillir votre enfant parmi nous !<\/p>\n<\/div><\/div>\n","protected":false},"excerpt":{"rendered":"<p>La p\u00e9riode d\u2019inscription est du d\u00e9but septembre au 31 mars, vous pouvez connaitre les modalit\u00e9s et d\u00e9buter votre inscription en tout temps en ligne au lien suivant: Joignez-vous aux cadets &#8211; Canada.ca Vous pouvez aussi venir nous rencontrer les mardi entre 18h30 et 20h30. Nous sommes situ\u00e9e au 730 boulevard St-Jean-Baptiste Mercier (Centre communautaire Roger &hellip; <a href=\"https:\/\/cc2972.ca\/2972\/inscriptions\/\" class=\"more-link\">Lire la suite de <span class=\"screen-reader-text\">Inscriptions<\/span><\/a><\/p>\n","protected":false},"author":3,"featured_media":0,"parent":0,"menu_order":0,"comment_status":"closed","ping_status":"closed","template":"","meta":{"pagelayer_contact_templates":[],"_pagelayer_content":"","footnotes":""},"class_list":["post-254","page","type-page","status-publish","hentry","no-featured-image"],"_links":{"self":[{"href":"https:\/\/cc2972.ca\/2972\/wp-json\/wp\/v2\/pages\/254","targetHints":{"allow":["GET"]}}],"collection":[{"href":"https:\/\/cc2972.ca\/2972\/wp-json\/wp\/v2\/pages"}],"about":[{"href":"https:\/\/cc2972.ca\/2972\/wp-json\/wp\/v2\/types\/page"}],"author":[{"embeddable":true,"href":"https:\/\/cc2972.ca\/2972\/wp-json\/wp\/v2\/users\/3"}],"replies":[{"embeddable":true,"href":"https:\/\/cc2972.ca\/2972\/wp-json\/wp\/v2\/comments?post=254"}],"version-history":[{"count":5,"href":"https:\/\/cc2972.ca\/2972\/wp-json\/wp\/v2\/pages\/254\/revisions"}],"predecessor-version":[{"id":627,"href":"https:\/\/cc2972.ca\/2972\/wp-json\/wp\/v2\/pages\/254\/revisions\/627"}],"wp:attachment":[{"href":"https:\/\/cc2972.ca\/2972\/wp-json\/wp\/v2\/media?parent=254"}],"curies":[{"name":"wp","href":"https:\/\/api.w.org\/{rel}","templated":true}]}}