{"id":247,"date":"2025-01-30T00:45:42","date_gmt":"2025-01-30T00:45:42","guid":{"rendered":"https:\/\/cc2972.ca\/2972\/?page_id=247"},"modified":"2026-03-17T08:48:28","modified_gmt":"2026-03-17T13:48:28","slug":"le-personnel","status":"publish","type":"page","link":"https:\/\/cc2972.ca\/2972\/le-personnel\/","title":{"rendered":"Le personnel"},"content":{"rendered":"\n<p>Le personnel du CC2972 constitue une \u00e9quipe d&rsquo;instructeurs civils et d&rsquo;officier du Cadre des Instructeurs de Cadets, une branche de la r\u00e9serve destin\u00e9e \u00e0 encadrer et enseigner aux jeunes cadets. Ces adultes participent aux activit\u00e9s des cadets dans leurs temps libre, et s&rsquo;assurent du bon d\u00e9roulement des op\u00e9rations ainsi que la s\u00e9curit\u00e9 de chaque cadets.<\/p>\n\n\n\n<figure class=\"wp-block-table is-style-stripes\"><table class=\"has-fixed-layout\"><tbody><tr><td class=\"has-text-align-center\" data-align=\"center\"><img loading=\"lazy\" decoding=\"async\" width=\"50\" height=\"102\" class=\"wp-image-151\" style=\"width: 50px;\" src=\"https:\/\/cc2972.ca\/2972\/wp-content\/uploads\/2025\/01\/capt.png\" alt=\"\"><img decoding=\"async\" class=\"wp-image-77\" style=\"width: 50px\" src=\"https:\/\/cc29720.wordpress.com\/wp-content\/uploads\/2024\/08\/capt.png\" alt=\"\"><\/td><td><strong>Capitaine<\/strong><br><em>Vicky Morin, CD<\/em><\/td><td class=\"has-text-align-center\" data-align=\"center\"><strong>Commandant<\/strong><\/td><\/tr><tr><td class=\"has-text-align-center\" data-align=\"center\"><img decoding=\"async\" class=\"wp-image-77\" style=\"width: 50px\" src=\"https:\/\/cc29720.wordpress.com\/wp-content\/uploads\/2024\/08\/capt.png\" alt=\"\"><img loading=\"lazy\" decoding=\"async\" width=\"50\" height=\"102\" class=\"wp-image-151\" style=\"width: 50px;\" src=\"https:\/\/cc2972.ca\/2972\/wp-content\/uploads\/2025\/01\/capt.png\" alt=\"\"><\/td><td><strong>Capitaine<\/strong><br><em>Nancy Lindsay, CD<\/em><\/td><td class=\"has-text-align-center\" data-align=\"center\"><strong>Officier d&rsquo;administration<\/strong><\/td><\/tr><tr><td class=\"has-text-align-center\" data-align=\"center\"><img loading=\"lazy\" decoding=\"async\" width=\"50\" height=\"102\" class=\"wp-image-151\" style=\"width: 50px;\" src=\"https:\/\/cc2972.ca\/2972\/wp-content\/uploads\/2025\/01\/capt.png\" alt=\"\"><img decoding=\"async\" class=\"wp-image-77\" style=\"width: 50px\" src=\"https:\/\/cc29720.wordpress.com\/wp-content\/uploads\/2024\/08\/capt.png\" alt=\"\"><\/td><td><strong>Capitaine<\/strong><br><em>Fr\u00e9d\u00e9ric Brassard, CD<\/em><\/td><td class=\"has-text-align-center\" data-align=\"center\"><strong>Officier de logistique<\/strong><\/td><\/tr><tr><td class=\"has-text-align-center\" data-align=\"center\"><img loading=\"lazy\" decoding=\"async\" width=\"50\" height=\"104\" class=\"wp-image-198\" style=\"width: 50px;\" src=\"https:\/\/cc2972.ca\/2972\/wp-content\/uploads\/2025\/01\/lt.png\" alt=\"\" srcset=\"https:\/\/cc2972.ca\/2972\/wp-content\/uploads\/2025\/01\/lt.png 145w, https:\/\/cc2972.ca\/2972\/wp-content\/uploads\/2025\/01\/lt-144x300.png 144w\" sizes=\"auto, (max-width: 50px) 100vw, 50px\" \/><\/td><td><strong>Lieutenant<\/strong><br><em>William Bouchard-Dulude<\/em><\/td><td class=\"has-text-align-center\" data-align=\"center\"><strong>Officier d&rsquo;entrainement<\/strong><\/td><\/tr><tr><td class=\"has-text-align-center\" data-align=\"center\"><img loading=\"lazy\" decoding=\"async\" width=\"50\" height=\"105\" class=\"wp-image-164\" style=\"width: 50px;\" src=\"https:\/\/cc2972.ca\/2972\/wp-content\/uploads\/2025\/01\/elof.png\" alt=\"\" srcset=\"https:\/\/cc2972.ca\/2972\/wp-content\/uploads\/2025\/01\/elof.png 146w, https:\/\/cc2972.ca\/2972\/wp-content\/uploads\/2025\/01\/elof-143x300.png 143w\" sizes=\"auto, (max-width: 50px) 100vw, 50px\" \/><\/td><td><strong>\u00c9l\u00e8ve-Offici\u00e8re<\/strong><br><em>\u00c9lodie Gaucher<\/em><\/td><td class=\"has-text-align-center\" data-align=\"center\"><strong>Responsable niveau argent<\/strong><\/td><\/tr><tr><td class=\"has-text-align-center\" data-align=\"center\"><strong>Ben<\/strong><\/td><td><strong>B\u00e9n\u00e9vole<\/strong><br><em>Micka\u00ebl Tremblay<\/em><\/td><td class=\"has-text-align-center\" data-align=\"center\"><strong>Responsable niveau vert<\/strong><\/td><\/tr><tr><td class=\"has-text-align-center\" data-align=\"center\"><strong>Ben<\/strong><\/td><td><strong>B\u00e9n\u00e9vole<\/strong><br><em>Myriam Martin<\/em><\/td><td class=\"has-text-align-center\" data-align=\"center\"><strong>Officier d&rsquo;approvisionnement<\/strong><\/td><\/tr><tr><td class=\"has-text-align-center\" data-align=\"center\"><strong>Ben<\/strong><\/td><td><strong>B\u00e9n\u00e9vole<\/strong><br><em>Vicky Roy<\/em><\/td><td class=\"has-text-align-center\" data-align=\"center\"><strong>Responsable niveau rouge<\/strong><\/td><\/tr><\/tbody><\/table><\/figure>\n","protected":false},"excerpt":{"rendered":"<p>Le personnel du CC2972 constitue une \u00e9quipe d&rsquo;instructeurs civils et d&rsquo;officier du Cadre des Instructeurs de Cadets, une branche de la r\u00e9serve destin\u00e9e \u00e0 encadrer et enseigner aux jeunes cadets. Ces adultes participent aux activit\u00e9s des cadets dans leurs temps libre, et s&rsquo;assurent du bon d\u00e9roulement des op\u00e9rations ainsi que la s\u00e9curit\u00e9 de chaque cadets. &hellip; <a href=\"https:\/\/cc2972.ca\/2972\/le-personnel\/\" class=\"more-link\">Lire la suite de <span class=\"screen-reader-text\">Le personnel<\/span><\/a><\/p>\n","protected":false},"author":3,"featured_media":0,"parent":0,"menu_order":0,"comment_status":"closed","ping_status":"closed","template":"","meta":{"pagelayer_contact_templates":[],"_pagelayer_content":"","footnotes":""},"class_list":["post-247","page","type-page","status-publish","hentry","no-featured-image"],"_links":{"self":[{"href":"https:\/\/cc2972.ca\/2972\/wp-json\/wp\/v2\/pages\/247","targetHints":{"allow":["GET"]}}],"collection":[{"href":"https:\/\/cc2972.ca\/2972\/wp-json\/wp\/v2\/pages"}],"about":[{"href":"https:\/\/cc2972.ca\/2972\/wp-json\/wp\/v2\/types\/page"}],"author":[{"embeddable":true,"href":"https:\/\/cc2972.ca\/2972\/wp-json\/wp\/v2\/users\/3"}],"replies":[{"embeddable":true,"href":"https:\/\/cc2972.ca\/2972\/wp-json\/wp\/v2\/comments?post=247"}],"version-history":[{"count":12,"href":"https:\/\/cc2972.ca\/2972\/wp-json\/wp\/v2\/pages\/247\/revisions"}],"predecessor-version":[{"id":779,"href":"https:\/\/cc2972.ca\/2972\/wp-json\/wp\/v2\/pages\/247\/revisions\/779"}],"wp:attachment":[{"href":"https:\/\/cc2972.ca\/2972\/wp-json\/wp\/v2\/media?parent=247"}],"curies":[{"name":"wp","href":"https:\/\/api.w.org\/{rel}","templated":true}]}}