{"id":14,"date":"2025-01-29T15:16:22","date_gmt":"2025-01-29T15:16:22","guid":{"rendered":"https:\/\/cc2972.ca\/2972\/?page_id=14"},"modified":"2025-11-10T10:52:30","modified_gmt":"2025-11-10T15:52:30","slug":"home","status":"publish","type":"page","link":"https:\/\/cc2972.ca\/2972\/","title":{"rendered":"Accueil"},"content":{"rendered":"\n<div class=\"wp-block-buttons alignwide is-content-justification-center is-layout-flex wp-container-core-buttons-is-layout-16018d1d wp-block-buttons-is-layout-flex\">\n<div class=\"wp-block-button is-style-fill\"><a class=\"wp-block-button__link wp-element-button\" href=\"https:\/\/www.canada.ca\/fr\/ministere-defense-nationale\/services\/cadets-rangers-juniors-canadiens\/cadets\/rejoignez-nous.html\">Inscrivez-vous au corps de cadets en cliquant ici<\/a><\/div>\n<\/div>\n\n\n\n<p><\/p>\n\n\n\n<div class=\"wp-block-buttons is-content-justification-center is-layout-flex wp-container-core-buttons-is-layout-16018d1d wp-block-buttons-is-layout-flex\">\n<div class=\"wp-block-button\"><a class=\"wp-block-button__link has-text-align-center wp-element-button\" href=\"http:\/\/eepurl.com\/jrDGgA\">Entrez votre courriel ici pour recevoir les messages de la semaine<\/a><\/div>\n<\/div>\n\n\n\n<p>Les cadets royaux de l\u2019Arm\u00e9e canadienne attirent les adolescents qui ont soif d\u2019aventures et d\u2019activit\u00e9s excitantes en plein air o\u00f9 leurs limites personnelles individuelles et comme membres d\u2019\u00e9quipes seront test\u00e9es. Les inconditionnels des activit\u00e9s en plein-air vont adorer les d\u00e9fis que nous offrons!<\/p>\n\n\n<div class=\"wp-block-image\">\n<figure class=\"aligncenter size-full is-resized\"><img loading=\"lazy\" decoding=\"async\" width=\"1024\" height=\"768\" src=\"https:\/\/cc2972.ca\/2972\/wp-content\/uploads\/2025\/01\/image.png\" alt=\"\" class=\"wp-image-17\" style=\"width:552px;height:auto\" srcset=\"https:\/\/cc2972.ca\/2972\/wp-content\/uploads\/2025\/01\/image.png 1024w, https:\/\/cc2972.ca\/2972\/wp-content\/uploads\/2025\/01\/image-300x225.png 300w, https:\/\/cc2972.ca\/2972\/wp-content\/uploads\/2025\/01\/image-768x576.png 768w\" sizes=\"auto, (max-width: 1024px) 100vw, 1024px\" \/><\/figure>\n<\/div>\n\n\n<p>Les cadets de l\u2019Arm\u00e9e vont d\u00e9velopper leurs habilet\u00e9s dans le maniement de cartes et boussoles, du GPS, de l\u2019orienteering, des premiers-soins, de la survie et du camping en for\u00eat, du canotage, de la descente en rappel, de la randonn\u00e9e, du v\u00e9lo de montage, etc. Alors qu\u2019ils acqui\u00e8rent de l\u2019exp\u00e9rience, certains vont aussi \u00eatre s\u00e9lectionn\u00e9s pour des activit\u00e9s excitantes comme le parachutisme, la descente de rivi\u00e8re en canot, l\u2019escalade de glacier et ils apprendront \u00e0 devenir des leaders de plein-air.<\/p>\n\n\n<div class=\"wp-block-image\">\n<figure class=\"aligncenter size-full is-resized\"><img loading=\"lazy\" decoding=\"async\" width=\"1024\" height=\"678\" src=\"https:\/\/cc2972.ca\/2972\/wp-content\/uploads\/2025\/01\/image-1.png\" alt=\"\" class=\"wp-image-18\" style=\"width:415px;height:auto\" srcset=\"https:\/\/cc2972.ca\/2972\/wp-content\/uploads\/2025\/01\/image-1.png 1024w, https:\/\/cc2972.ca\/2972\/wp-content\/uploads\/2025\/01\/image-1-300x199.png 300w, https:\/\/cc2972.ca\/2972\/wp-content\/uploads\/2025\/01\/image-1-768x509.png 768w\" sizes=\"auto, (max-width: 1024px) 100vw, 1024px\" \/><\/figure>\n<\/div>\n\n\n<p>Les cadets de l\u2019Arm\u00e9e participent \u00e0 des activit\u00e9s reli\u00e9es aux traditions des c\u00e9r\u00e9monies militaires et de civisme qui leur permettent d\u2019honorer leur h\u00e9ritage canadien. Ils d\u00e9veloppent un grand sens de fiert\u00e9 et de discipline par l\u2019utilisation d\u2019un syst\u00e8me hi\u00e9rarchique qui leur permet de parfaire leurs capacit\u00e9s de chef de file. Avec l\u2019exp\u00e9rience, ils apprennent \u00e0 se soucier des plus jeunes cadets.<\/p>\n\n\n\n<p>En plus de l\u2019instruction sp\u00e9cialis\u00e9e, les cadets de l\u2019Arm\u00e9e participent aussi \u00e0 d\u2019autres activit\u00e9s passionnantes comme le tir \u00e0 la carabine de style olympique et le biathlon, des comp\u00e9titions sportives, de l\u2019instruction et des comp\u00e9titions musicales, des visites culturelles, des activit\u00e9s b\u00e9n\u00e9voles de soutien \u00e0 la communaut\u00e9, etc.<\/p>\n\n\n\n<p>Le Canada est le terrain de jeu par excellence pour les adolescents int\u00e9ress\u00e9s par le plein air. Nous sommes l\u2019organisation par excellence pour les jeunes et les adultes int\u00e9ress\u00e9s \u00e0 sortir de la salle de classe pour explorer la plan\u00e8te \u00e0 son plein potentiel.<\/p>\n\n\n\n<p>Tu souhaite t\u2019inscrire? Rend toi \u00e0 la <a href=\"https:\/\/cc2972.ca\/2972\/inscriptions\/\" data-type=\"page\" data-id=\"254\">page d\u2019inscription<\/a>!<\/p>\n\n\n\n<p><\/p>\n\n\n\n<div class=\"wp-block-buttons is-layout-flex wp-block-buttons-is-layout-flex\"><\/div>\n\n\n\n<p><\/p>\n","protected":false},"excerpt":{"rendered":"<p>Les cadets royaux de l\u2019Arm\u00e9e canadienne attirent les adolescents qui ont soif d\u2019aventures et d\u2019activit\u00e9s excitantes en plein air o\u00f9 leurs limites personnelles individuelles et comme membres d\u2019\u00e9quipes seront test\u00e9es. Les inconditionnels des activit\u00e9s en plein-air vont adorer les d\u00e9fis que nous offrons! Les cadets de l\u2019Arm\u00e9e vont d\u00e9velopper leurs habilet\u00e9s dans le maniement de &hellip; <a href=\"https:\/\/cc2972.ca\/2972\/\" class=\"more-link\">Lire la suite de <span class=\"screen-reader-text\">Accueil<\/span><\/a><\/p>\n","protected":false},"author":3,"featured_media":0,"parent":0,"menu_order":0,"comment_status":"closed","ping_status":"closed","template":"","meta":{"pagelayer_contact_templates":[],"_pagelayer_content":"","footnotes":""},"class_list":["post-14","page","type-page","status-publish","hentry","no-featured-image"],"_links":{"self":[{"href":"https:\/\/cc2972.ca\/2972\/wp-json\/wp\/v2\/pages\/14","targetHints":{"allow":["GET"]}}],"collection":[{"href":"https:\/\/cc2972.ca\/2972\/wp-json\/wp\/v2\/pages"}],"about":[{"href":"https:\/\/cc2972.ca\/2972\/wp-json\/wp\/v2\/types\/page"}],"author":[{"embeddable":true,"href":"https:\/\/cc2972.ca\/2972\/wp-json\/wp\/v2\/users\/3"}],"replies":[{"embeddable":true,"href":"https:\/\/cc2972.ca\/2972\/wp-json\/wp\/v2\/comments?post=14"}],"version-history":[{"count":16,"href":"https:\/\/cc2972.ca\/2972\/wp-json\/wp\/v2\/pages\/14\/revisions"}],"predecessor-version":[{"id":663,"href":"https:\/\/cc2972.ca\/2972\/wp-json\/wp\/v2\/pages\/14\/revisions\/663"}],"wp:attachment":[{"href":"https:\/\/cc2972.ca\/2972\/wp-json\/wp\/v2\/media?parent=14"}],"curies":[{"name":"wp","href":"https:\/\/api.w.org\/{rel}","templated":true}]}}