{"id":118,"date":"2025-01-30T00:38:51","date_gmt":"2025-01-30T00:38:51","guid":{"rendered":"https:\/\/cc2972.ca\/2972\/?page_id=118"},"modified":"2026-03-17T08:47:48","modified_gmt":"2026-03-17T13:47:48","slug":"cadets-cadres","status":"publish","type":"page","link":"https:\/\/cc2972.ca\/2972\/cadets-cadres\/","title":{"rendered":"Cadets-cadres"},"content":{"rendered":"\n<p>Les cadets-cadres sont des jeunes qui participent \u00e0 la gestion du corps de cadet. Chacun d&rsquo;eux occupe une position importante qui requiert des qualit\u00e9es de leadership, un d\u00e9vouement et de la pers\u00e9v\u00e9rence.<\/p>\n\n\n\n<div class=\"wp-block-columns is-layout-flex wp-container-core-columns-is-layout-9d6595d7 wp-block-columns-is-layout-flex\">\n<div class=\"wp-block-column is-layout-flow wp-block-column-is-layout-flow\" style=\"flex-basis:100%\">\n<div class=\"wp-block-group\"><div class=\"wp-block-group__inner-container is-layout-constrained wp-block-group-is-layout-constrained\">\n<div class=\"wp-block-columns is-layout-flex wp-container-core-columns-is-layout-9d6595d7 wp-block-columns-is-layout-flex\">\n<div class=\"wp-block-column is-layout-flow wp-block-column-is-layout-flow\" style=\"flex-basis:100%\">\n<div class=\"wp-block-group\"><div class=\"wp-block-group__inner-container is-layout-constrained wp-block-group-is-layout-constrained\">\n<figure class=\"wp-block-table is-style-stripes\"><table class=\"has-fixed-layout\"><tbody><tr><td class=\"has-text-align-center\" data-align=\"center\"><img decoding=\"async\" class=\"wp-image-63\" style=\"width: 100px\" src=\"https:\/\/cc29720.wordpress.com\/wp-content\/uploads\/2024\/08\/adjum.png\" alt=\"\"><img loading=\"lazy\" decoding=\"async\" width=\"82\" height=\"109\" class=\"wp-image-133\" style=\"width: 82px;\" src=\"https:\/\/cc2972.ca\/2972\/wp-content\/uploads\/2025\/01\/adjuc.png\" alt=\"\"><\/td><td><strong>Adjudant-Chef <\/strong><br><em><em><em><em>Gabriel <\/em><\/em>Gingras<\/em><\/em><\/td><td><strong>Sergent-major r\u00e9gimentaire<\/strong><\/td><\/tr><tr><td class=\"has-text-align-center\" data-align=\"center\"><img loading=\"lazy\" decoding=\"async\" width=\"82\" height=\"74\" class=\"wp-image-137\" style=\"width: 82px;\" src=\"https:\/\/cc2972.ca\/2972\/wp-content\/uploads\/2025\/01\/adjum.png\" alt=\"\"><\/td><td><strong>Adjudant-Maitre<\/strong><br><em><em><em><em>Antoine-Xavier Beck-Lefebvre<\/em><\/em><\/em><\/em><\/td><td><strong>Sergent-major \u00e0 l&rsquo;instruction<\/strong><\/td><\/tr><tr><td class=\"has-text-align-center\" data-align=\"center\"><img decoding=\"async\" class=\"wp-image-58\" style=\"width: 82px\" src=\"https:\/\/cc29720.wordpress.com\/wp-content\/uploads\/2024\/08\/adj.png\" alt=\"\"><img loading=\"lazy\" decoding=\"async\" width=\"82\" height=\"87\" class=\"wp-image-132\" style=\"width: 82px;\" src=\"https:\/\/cc2972.ca\/2972\/wp-content\/uploads\/2025\/01\/adj.png\" alt=\"\"><\/td><td><strong>Adjudant<\/strong><br><em><em>Benjamin Lussier<\/em><\/em><\/td><td><strong>Sergent-major de compagnie<\/strong><\/td><\/tr><tr><td class=\"has-text-align-center\" data-align=\"center\"><img decoding=\"async\" class=\"wp-image-58\" style=\"width: 82px\" src=\"https:\/\/cc29720.wordpress.com\/wp-content\/uploads\/2024\/08\/adj.png\" alt=\"\"><img loading=\"lazy\" decoding=\"async\" width=\"82\" height=\"87\" class=\"wp-image-132\" style=\"width: 82px;\" src=\"https:\/\/cc2972.ca\/2972\/wp-content\/uploads\/2025\/01\/adj.png\" alt=\"\"><\/td><td><strong>Adjudant <\/strong><br><em>Denis Yifan Zhang<\/em><\/td><td><strong>Tambour-Major<\/strong><\/td><\/tr><tr><td class=\"has-text-align-center\" data-align=\"center\"><img loading=\"lazy\" decoding=\"async\" width=\"82\" height=\"87\" class=\"wp-image-132\" style=\"width: 82px;\" src=\"https:\/\/cc2972.ca\/2972\/wp-content\/uploads\/2025\/01\/adj.png\" alt=\"\"><img decoding=\"async\" class=\"wp-image-58\" style=\"width: 82px\" src=\"https:\/\/cc29720.wordpress.com\/wp-content\/uploads\/2024\/08\/adj.png\" alt=\"\"><\/td><td><strong>Adjudant<\/strong><br><em><em><em>Alexandre Lauzon<\/em><\/em><\/em><\/td><td><strong>Adjudant du peloton Triquet<\/strong><\/td><\/tr><tr><td class=\"has-text-align-center\" data-align=\"center\"><img decoding=\"async\" class=\"wp-image-58\" style=\"width: 82px\" src=\"https:\/\/cc29720.wordpress.com\/wp-content\/uploads\/2024\/08\/adj.png\" alt=\"\"><img loading=\"lazy\" decoding=\"async\" width=\"82\" height=\"87\" class=\"wp-image-132\" style=\"width: 82px;\" src=\"https:\/\/cc2972.ca\/2972\/wp-content\/uploads\/2025\/01\/adj.png\" alt=\"\"><\/td><td><strong>Adjudant<\/strong><br><em><em><em>M\u00e9gane Leroux<\/em><\/em><\/em><\/td><td><strong>Adjudant de peloton Keable<\/strong><\/td><\/tr><tr><td class=\"has-text-align-center\" data-align=\"center\"><img decoding=\"async\" class=\"wp-image-154\" style=\"width: 82px\" src=\"https:\/\/cc29720.wordpress.com\/wp-content\/uploads\/2024\/08\/sgt.png\" alt=\"\"><img loading=\"lazy\" decoding=\"async\" width=\"82\" height=\"87\" class=\"wp-image-132\" style=\"width: 82px;\" src=\"https:\/\/cc2972.ca\/2972\/wp-content\/uploads\/2025\/01\/adj.png\" alt=\"\"><\/td><td><strong><strong>Adjudant<\/strong><\/strong><br><em>Loan Gaucher<\/em><\/td><td><strong><strong><strong>Cadet-cadre aux normes<\/strong><\/strong><\/strong><br><strong><strong><strong>Commandant de la garde aux drapeaux<\/strong><\/strong><\/strong><\/td><\/tr><tr><td class=\"has-text-align-center\" data-align=\"center\"><img decoding=\"async\" class=\"wp-image-154\" style=\"width: 82px\" src=\"https:\/\/cc29720.wordpress.com\/wp-content\/uploads\/2024\/08\/sgt.png\" alt=\"\"><img loading=\"lazy\" decoding=\"async\" width=\"82\" height=\"97\" class=\"wp-image-229\" style=\"width: 82px;\" src=\"https:\/\/cc2972.ca\/2972\/wp-content\/uploads\/2025\/01\/sgt.png\" alt=\"\"><\/td><td><strong>Sergent<\/strong><br><em>Julianne Couturier<\/em><\/td><td><strong><strong>Commandant section<\/strong> 1 Peloton Triquet<\/strong><\/td><\/tr><tr><td class=\"has-text-align-center\" data-align=\"center\"><img decoding=\"async\" class=\"wp-image-154\" style=\"width: 82px\" src=\"https:\/\/cc29720.wordpress.com\/wp-content\/uploads\/2024\/08\/sgt.png\" alt=\"\"><img loading=\"lazy\" decoding=\"async\" width=\"82\" height=\"97\" class=\"wp-image-229\" style=\"width: 82px;\" src=\"https:\/\/cc2972.ca\/2972\/wp-content\/uploads\/2025\/01\/sgt.png\" alt=\"\"><\/td><td><strong>Sergent<\/strong><br><em><em>Nicolas Nyek Ntep<\/em><\/em><\/td><td><strong><strong><strong><strong>Commandant section<\/strong> 2 Peloton Triquet<\/strong><\/strong><\/strong><\/td><\/tr><tr><td class=\"has-text-align-center\" data-align=\"center\"><img loading=\"lazy\" decoding=\"async\" width=\"82\" height=\"97\" class=\"wp-image-229\" style=\"width: 82px;\" src=\"https:\/\/cc2972.ca\/2972\/wp-content\/uploads\/2025\/01\/sgt.png\" alt=\"\"><img decoding=\"async\" class=\"wp-image-154\" style=\"width: 82px\" src=\"https:\/\/cc29720.wordpress.com\/wp-content\/uploads\/2024\/08\/sgt.png\" alt=\"\"><\/td><td><strong>Sergent<\/strong><br><em>Ke\u00efan Sarrazin<\/em><\/td><td><strong><strong><strong><strong>Commandant section<\/strong> 3 Peloton Triquet<\/strong><\/strong><\/strong><\/td><\/tr><tr><td class=\"has-text-align-center\" data-align=\"center\"><img decoding=\"async\" class=\"wp-image-154\" style=\"width: 82px\" src=\"https:\/\/cc29720.wordpress.com\/wp-content\/uploads\/2024\/08\/sgt.png\" alt=\"\"><img loading=\"lazy\" decoding=\"async\" width=\"82\" height=\"80\" class=\"wp-image-163\" style=\"width: 82px;\" src=\"https:\/\/cc2972.ca\/2972\/wp-content\/uploads\/2025\/01\/cplc.png\" alt=\"\"><\/td><td><strong>Caporal-Chef<\/strong><br><em>Ludovic Talbot<\/em><\/td><td><strong><strong><strong><strong>Commandant section<\/strong> 4 Peloton Triquet<\/strong><\/strong><\/strong><\/td><\/tr><tr><td class=\"has-text-align-center\" data-align=\"center\"><img loading=\"lazy\" decoding=\"async\" width=\"82\" height=\"80\" class=\"wp-image-163\" style=\"width: 82px;\" src=\"https:\/\/cc2972.ca\/2972\/wp-content\/uploads\/2025\/01\/cplc.png\" alt=\"\"><\/td><td><strong>Caporal-Chef<\/strong><br><em>Stefan Belu<\/em><\/td><td><strong><strong><strong><strong>Commandant section<\/strong> 1 Peloton Keable<\/strong><\/strong><\/strong><\/td><\/tr><tr><td class=\"has-text-align-center\" data-align=\"center\"><img loading=\"lazy\" decoding=\"async\" width=\"82\" height=\"80\" class=\"wp-image-163\" style=\"width: 82px;\" src=\"https:\/\/cc2972.ca\/2972\/wp-content\/uploads\/2025\/01\/cplc.png\" alt=\"\"><\/td><td><strong><strong><strong>Caporal-Chef<\/strong><\/strong><\/strong><br><em>Anthony Renaud<\/em><\/td><td><strong><strong><strong><strong>Commandant section 2 Peloton Keable<\/strong><\/strong><\/strong><\/strong><\/td><\/tr><tr><td class=\"has-text-align-center\" data-align=\"center\"><img loading=\"lazy\" decoding=\"async\" width=\"82\" height=\"97\" class=\"wp-image-229\" style=\"width: 82px;\" src=\"https:\/\/cc2972.ca\/2972\/wp-content\/uploads\/2025\/01\/sgt.png\" alt=\"\"><\/td><td><strong><strong>Sergent<\/strong><\/strong><br><em>Charlotte St-Onge<\/em><\/td><td><strong><strong><strong><strong>Commandant section 3 Peloton Keable<\/strong><\/strong><\/strong><\/strong><\/td><\/tr><tr><td class=\"has-text-align-center\" data-align=\"center\"><img loading=\"lazy\" decoding=\"async\" width=\"82\" height=\"80\" class=\"wp-image-163\" style=\"width: 82px;\" src=\"https:\/\/cc2972.ca\/2972\/wp-content\/uploads\/2025\/01\/cplc.png\" alt=\"\"><\/td><td><strong><strong><strong><strong><strong>Caporal-Chef<\/strong><\/strong><\/strong><\/strong><\/strong><br><em>No\u00e9mie Leroux<\/em><\/td><td><strong><strong><strong><strong>Commandant section 4 Peloton Keable<\/strong><\/strong><\/strong><\/strong><\/td><\/tr><tr><td class=\"has-text-align-center\" data-align=\"center\"><img loading=\"lazy\" decoding=\"async\" width=\"82\" height=\"97\" class=\"wp-image-229\" style=\"width: 82px;\" src=\"https:\/\/cc2972.ca\/2972\/wp-content\/uploads\/2025\/01\/sgt.png\" alt=\"\"><\/td><td><strong><strong>Sergent<\/strong><\/strong><br><em>Xavier Viau<\/em><\/td><td><strong><strong><strong><strong>Instructeur<\/strong><\/strong><\/strong><\/strong><\/td><\/tr><tr><td class=\"has-text-align-center\" data-align=\"center\"><img loading=\"lazy\" decoding=\"async\" width=\"82\" height=\"87\" class=\"wp-image-132\" style=\"width: 82px;\" src=\"https:\/\/cc2972.ca\/2972\/wp-content\/uploads\/2025\/01\/adj.png\" alt=\"\"><\/td><td><strong><strong>Adjudant<\/strong><\/strong><br><em>Logan Vall\u00e9e<\/em><\/td><td><strong><strong><strong><strong><strong><strong><strong><strong>Instructeur s\u00e9nior<\/strong><\/strong><\/strong><\/strong><\/strong><\/strong><\/strong><\/strong> <\/td><\/tr><\/tbody><\/table><\/figure>\n\n\n\n<p><\/p>\n\n\n\n<p><\/p>\n<\/div><\/div>\n<\/div>\n<\/div>\n<\/div><\/div>\n<\/div>\n<\/div>\n","protected":false},"excerpt":{"rendered":"<p>Les cadets-cadres sont des jeunes qui participent \u00e0 la gestion du corps de cadet. Chacun d&rsquo;eux occupe une position importante qui requiert des qualit\u00e9es de leadership, un d\u00e9vouement et de la pers\u00e9v\u00e9rence. Adjudant-Chef Gabriel Gingras Sergent-major r\u00e9gimentaire Adjudant-MaitreAntoine-Xavier Beck-Lefebvre Sergent-major \u00e0 l&rsquo;instruction AdjudantBenjamin Lussier Sergent-major de compagnie Adjudant Denis Yifan Zhang Tambour-Major AdjudantAlexandre Lauzon Adjudant &hellip; <a href=\"https:\/\/cc2972.ca\/2972\/cadets-cadres\/\" class=\"more-link\">Lire la suite de <span class=\"screen-reader-text\">Cadets-cadres<\/span><\/a><\/p>\n","protected":false},"author":3,"featured_media":0,"parent":0,"menu_order":0,"comment_status":"closed","ping_status":"closed","template":"","meta":{"pagelayer_contact_templates":[],"_pagelayer_content":"","footnotes":""},"class_list":["post-118","page","type-page","status-publish","hentry","no-featured-image"],"_links":{"self":[{"href":"https:\/\/cc2972.ca\/2972\/wp-json\/wp\/v2\/pages\/118","targetHints":{"allow":["GET"]}}],"collection":[{"href":"https:\/\/cc2972.ca\/2972\/wp-json\/wp\/v2\/pages"}],"about":[{"href":"https:\/\/cc2972.ca\/2972\/wp-json\/wp\/v2\/types\/page"}],"author":[{"embeddable":true,"href":"https:\/\/cc2972.ca\/2972\/wp-json\/wp\/v2\/users\/3"}],"replies":[{"embeddable":true,"href":"https:\/\/cc2972.ca\/2972\/wp-json\/wp\/v2\/comments?post=118"}],"version-history":[{"count":10,"href":"https:\/\/cc2972.ca\/2972\/wp-json\/wp\/v2\/pages\/118\/revisions"}],"predecessor-version":[{"id":778,"href":"https:\/\/cc2972.ca\/2972\/wp-json\/wp\/v2\/pages\/118\/revisions\/778"}],"wp:attachment":[{"href":"https:\/\/cc2972.ca\/2972\/wp-json\/wp\/v2\/media?parent=118"}],"curies":[{"name":"wp","href":"https:\/\/api.w.org\/{rel}","templated":true}]}}